{"id":97,"date":"2023-05-30T15:50:44","date_gmt":"2023-05-30T15:50:44","guid":{"rendered":"https:\/\/lappkees.dk\/wordpress\/?page_id=97"},"modified":"2023-05-30T15:50:44","modified_gmt":"2023-05-30T15:50:44","slug":"neutralisering","status":"publish","type":"page","link":"https:\/\/lappkees.dk\/?page_id=97","title":{"rendered":"Neutralisering"},"content":{"rendered":"\n<p>Min hund er aggressiv. Jamen, s\u00e5 skal du neutralisere den. Min hund er dominant, jamen endnu en grund til at du skal neutralisere den.<\/p>\n\n\n\n<p>NEJ!<\/p>\n\n\n\n<p>Det er ikke altid en l\u00f8sning af neutralisere sin hund\/hvalp. At nogle dyrl\u00e6ger straks n\u00e6vner neutralisering ved den mindste udfordring, er faktisk ikke godt. Dyrl\u00e6ger b\u00f8r ikke sende invitationer ud automatisk, ej, heller straks ty til neutralisering n\u00e5r en hunde ejer har udfordringer.<\/p>\n\n\n\n<p>Jeg vil gerne bede jer l\u00e6se vejledningen der nu er lavet og som jeg h\u00e5ber i vil v\u00e6re med til at sprede budskabet om.<\/p>\n\n\n\n<p>Det er vigtigt at man ikke neutralisere som l\u00f8sning p\u00e5 udfordringer, andet end hvis det er sygdomsm\u00e6ssige udfordringer.<\/p>\n\n\n\n<p><a href=\"https:\/\/www.linkedin.com\/content-guest\/article\/nye-danske-vejledning-til-neutralisation-af-hunde-pejstrup\">https:\/\/www.linkedin.com\/content-guest\/article\/nye-danske-vejledning-til-neutralisation-af-hunde-pejstrup<\/a><\/p>\n\n\n\n<p>P\u00e5 forh\u00e5nd tak fordi i l\u00e6ser det<\/p>\n","protected":false},"excerpt":{"rendered":"<p>Min hund er aggressiv. Jamen, s\u00e5 skal du neutralisere den. Min hund er dominant, jamen endnu en grund til at du skal neutralisere den. NEJ! Det er ikke altid en l\u00f8sning af neutralisere sin hund\/hvalp. At nogle dyrl\u00e6ger straks n\u00e6vner neutralisering ved den mindste udfordring, er faktisk ikke godt. Dyrl\u00e6ger b\u00f8r ikke sende invitationer ud &hellip; <a href=\"https:\/\/lappkees.dk\/?page_id=97\" class=\"more-link\">L\u00e6s videre <span class=\"screen-reader-text\">Neutralisering<\/span> <span class=\"meta-nav\">&rarr;<\/span><\/a><\/p>\n","protected":false},"author":1,"featured_media":0,"parent":0,"menu_order":0,"comment_status":"closed","ping_status":"closed","template":"","meta":{"footnotes":""},"class_list":["post-97","page","type-page","status-publish","hentry"],"_links":{"self":[{"href":"https:\/\/lappkees.dk\/index.php?rest_route=\/wp\/v2\/pages\/97","targetHints":{"allow":["GET"]}}],"collection":[{"href":"https:\/\/lappkees.dk\/index.php?rest_route=\/wp\/v2\/pages"}],"about":[{"href":"https:\/\/lappkees.dk\/index.php?rest_route=\/wp\/v2\/types\/page"}],"author":[{"embeddable":true,"href":"https:\/\/lappkees.dk\/index.php?rest_route=\/wp\/v2\/users\/1"}],"replies":[{"embeddable":true,"href":"https:\/\/lappkees.dk\/index.php?rest_route=%2Fwp%2Fv2%2Fcomments&post=97"}],"version-history":[{"count":1,"href":"https:\/\/lappkees.dk\/index.php?rest_route=\/wp\/v2\/pages\/97\/revisions"}],"predecessor-version":[{"id":98,"href":"https:\/\/lappkees.dk\/index.php?rest_route=\/wp\/v2\/pages\/97\/revisions\/98"}],"wp:attachment":[{"href":"https:\/\/lappkees.dk\/index.php?rest_route=%2Fwp%2Fv2%2Fmedia&parent=97"}],"curies":[{"name":"wp","href":"https:\/\/api.w.org\/{rel}","templated":true}]}}