{"id":94,"date":"2023-05-30T15:22:32","date_gmt":"2023-05-30T15:22:32","guid":{"rendered":"https:\/\/lappkees.dk\/wordpress\/?page_id=94"},"modified":"2023-08-08T15:18:39","modified_gmt":"2023-08-08T15:18:39","slug":"tidligere-kuld","status":"publish","type":"page","link":"https:\/\/lappkees.dk\/?page_id=94","title":{"rendered":"Tidligere kuld"},"content":{"rendered":"\n<p>Vallarj\u00e4ntans Biegga er stammoder til mine hunde. Under tidligere kuld vil hendes hvalpekuld blive vist i f\u00f8rste kolonne. Ud fra de enkelte kuld vil der komme anden, tredje generationer af kuld. Det vil sige at ud for Disney kuldet vil Ariels hvalpekuld som er f\u00f8dt her blive vist, men hvis jeg f\u00e5r mulighed for at vise hvalpekuld hvor mine hanner er brugt, s\u00e5 vil de ogs\u00e5 blive vist. Da jeg arbejder p\u00e5 at lave egen linje, s\u00e5 tilf\u00f8rer jeg kun nyt ind i det omfang det er n\u00f8dvendigt for at lave kuld uden indavl. <\/p>\n","protected":false},"excerpt":{"rendered":"<p>Vallarj\u00e4ntans Biegga er stammoder til mine hunde. Under tidligere kuld vil hendes hvalpekuld blive vist i f\u00f8rste kolonne. Ud fra de enkelte kuld vil der komme anden, tredje generationer af kuld. Det vil sige at ud for Disney kuldet vil Ariels hvalpekuld som er f\u00f8dt her blive vist, men hvis jeg f\u00e5r mulighed for at &hellip; <a href=\"https:\/\/lappkees.dk\/?page_id=94\" class=\"more-link\">L\u00e6s videre <span class=\"screen-reader-text\">Tidligere kuld<\/span> <span class=\"meta-nav\">&rarr;<\/span><\/a><\/p>\n","protected":false},"author":1,"featured_media":0,"parent":0,"menu_order":0,"comment_status":"closed","ping_status":"closed","template":"","meta":{"footnotes":""},"class_list":["post-94","page","type-page","status-publish","hentry"],"_links":{"self":[{"href":"https:\/\/lappkees.dk\/index.php?rest_route=\/wp\/v2\/pages\/94","targetHints":{"allow":["GET"]}}],"collection":[{"href":"https:\/\/lappkees.dk\/index.php?rest_route=\/wp\/v2\/pages"}],"about":[{"href":"https:\/\/lappkees.dk\/index.php?rest_route=\/wp\/v2\/types\/page"}],"author":[{"embeddable":true,"href":"https:\/\/lappkees.dk\/index.php?rest_route=\/wp\/v2\/users\/1"}],"replies":[{"embeddable":true,"href":"https:\/\/lappkees.dk\/index.php?rest_route=%2Fwp%2Fv2%2Fcomments&post=94"}],"version-history":[{"count":5,"href":"https:\/\/lappkees.dk\/index.php?rest_route=\/wp\/v2\/pages\/94\/revisions"}],"predecessor-version":[{"id":248,"href":"https:\/\/lappkees.dk\/index.php?rest_route=\/wp\/v2\/pages\/94\/revisions\/248"}],"wp:attachment":[{"href":"https:\/\/lappkees.dk\/index.php?rest_route=%2Fwp%2Fv2%2Fmedia&parent=94"}],"curies":[{"name":"wp","href":"https:\/\/api.w.org\/{rel}","templated":true}]}}