{"id":91,"date":"2023-05-30T15:20:33","date_gmt":"2023-05-30T15:20:33","guid":{"rendered":"https:\/\/lappkees.dk\/wordpress\/?page_id=91"},"modified":"2023-05-30T15:20:33","modified_gmt":"2023-05-30T15:20:33","slug":"bloedning-under-draegtighed-hund","status":"publish","type":"page","link":"https:\/\/lappkees.dk\/?page_id=91","title":{"rendered":"BL\u00d8DNING UNDER DR\u00c6GTIGHED HUND"},"content":{"rendered":"\n<p><a href=\"https:\/\/lappkees.dk\/?p=1421\">2. JULI 2017<\/a>&nbsp;<a href=\"https:\/\/lappkees.dk\/?author=1\">ADMIN<\/a><a href=\"https:\/\/lappkees.dk\/wp-admin\/post.php?post=1421&amp;action=edit\">REDIGER<\/a><\/p>\n\n\n\n<p>F\u00f8rst vil jeg skrive at man altid skal reagere p\u00e5 en bl\u00f8dning hos en formodet dr\u00e6gtig t\u00e6ve. S\u00e5 dette skriv skal ikke ses som en erstatning til et bes\u00f8g og samtale med jeres dyrl\u00e6ge, men mere som en erfaring med at det ikke n\u00f8dvendigvis beh\u00f8ver at g\u00e5 galt pga bl\u00f8dning&nbsp;&nbsp;S\u00e5 mere en erfaringsdeling med lykkelig udgang.<\/p>\n\n\n\n<p>Jeg vil lige dele erfaring med en bl\u00f8dende t\u00e6ve der formodes at v\u00e6re dr\u00e6gtig. Sidste \u00e5r da Biegga var dr\u00e6gtig begyndte hun at bl\u00f8de igen efter insemination. Hun bl\u00f8dte ret l\u00e6nge og jeg var meget bekymret. Vi fik udleveret antibiotika og hun blev scannet dr\u00e6gtig. Dyrl\u00e6gen var bekymret for bakterier. Vi tog dog til anden dyrl\u00e6ge og f\u00f8r jeg startede hende op p\u00e5 kuren, fik jeg hende podet og det blev sendt til analyse i Tyskland. F\u00f8rste dyrl\u00e6ge havde set under eget mikroskop og vurderet at hun skulle p\u00e5 antibiotika. Men jeg var ikke s\u00e5 vild med tanken om antibiotika. S\u00e5 begyndte at l\u00e6se om det. Der er ikke megen forskning omkring emnet, men fandt dog denne artikel, som bygger p\u00e5 videnskabelig fors\u00f8g.&nbsp;<\/p>\n\n\n\n<p><a href=\"https:\/\/www.ncbi.nlm.nih.gov\/pmc\/articles\/PMC3021871\/\">https:\/\/www.ncbi.nlm.nih.gov\/pmc\/articles\/PMC3021871\/<\/a><\/p>\n\n\n\n<p>S\u00e5 Biegga fik amoxicillin i ren form (nogle antibiotika har tilsat andet, sammen med amoxicillin), men jeg fik dyrl\u00e6gen til at bestille amoxibactin Vet til hund, som kun indeholder amoxicillin. Dette antibiotika produkt skulle ikke skade fostre. Og det var jo p\u00e5 det v\u00e6rste tidspunkt i forhold til p\u00e5virkninger af fostre, s\u00e5 var m\u00e5ske en smule hysterisk. Vi tog derfor til anden dyrl\u00e6ge og bad om en podning, og et \u00f8nske om at de skaffede den type som jeg selv havde fundet. De skaffede den type antibiotika og Biegga kom p\u00e5 kuren. Vi skulle s\u00e5 have svar om der var nogle alarmerende bakterier i podning. Ingen bakterier der ikke m\u00e5 v\u00e6re der og Biegga skulle ikke have yderligere gjort. Det havde ikke v\u00e6ret n\u00f8dvendigt med antibiotika, men hvem t\u00f8r tage den risiko. Vi f\u00e6rdiggjorde kuren og jeg scannede selv l\u00f8bende. S\u00e5 jeg kunne holde \u00f8je med at alt var som det skulle v\u00e6re.<\/p>\n\n\n\n<p>Nu i \u00e5r er hun parret og det er helt det samme forl\u00f8b. Biegga startede med at bl\u00f8de et d\u00f8gn efter parring. Og bl\u00f8der endnu. Denne gang er jeg dog mere rolig, og dyrl\u00e6gen siger det ser fredeligt ud. Hun har \u00e5benbart nogle sarte slimhinder, men nogle dyrl\u00e6ger ville nok straks sige at det er livmoderbet\u00e6ndelse. Det er det ikke! Jeg t\u00e6nker hun igen er dr\u00e6gtig, f\u00f8r jeg overhovedet kan scanne det. Bare fordi hun stadigv\u00e6k bl\u00f8der. Hun trives, spiser, har ingen feber og virker helt igennem som en sund og dr\u00e6gtig t\u00e6ve.<\/p>\n\n\n\n<p>Eneste forskel er at hun bl\u00f8der meget m\u00f8rkt blod, pr\u00e6cis som sidste gang hun ventede sig. Der kom 6 sunde hvalpe.<\/p>\n\n\n\n<p>Deler s\u00e5 andre ikke n\u00f8dvendigvis g\u00e5r i panik fordi der er blod under dr\u00e6gtigheden. N\u00e5r man googler det, s\u00e5 er der nogle skr\u00e6kscenarier stillet op og meget lidt litteratur omkring positive oplevelser. S\u00e5 nu har i min historie med i bagagen<\/p>\n","protected":false},"excerpt":{"rendered":"<p>2. JULI 2017&nbsp;ADMINREDIGER F\u00f8rst vil jeg skrive at man altid skal reagere p\u00e5 en bl\u00f8dning hos en formodet dr\u00e6gtig t\u00e6ve. S\u00e5 dette skriv skal ikke ses som en erstatning til et bes\u00f8g og samtale med jeres dyrl\u00e6ge, men mere som en erfaring med at det ikke n\u00f8dvendigvis beh\u00f8ver at g\u00e5 galt pga bl\u00f8dning&nbsp;&nbsp;S\u00e5 mere en &hellip; <a href=\"https:\/\/lappkees.dk\/?page_id=91\" class=\"more-link\">L\u00e6s videre <span class=\"screen-reader-text\">BL\u00d8DNING UNDER DR\u00c6GTIGHED HUND<\/span> <span class=\"meta-nav\">&rarr;<\/span><\/a><\/p>\n","protected":false},"author":1,"featured_media":0,"parent":0,"menu_order":0,"comment_status":"closed","ping_status":"closed","template":"","meta":{"footnotes":""},"class_list":["post-91","page","type-page","status-publish","hentry"],"_links":{"self":[{"href":"https:\/\/lappkees.dk\/index.php?rest_route=\/wp\/v2\/pages\/91","targetHints":{"allow":["GET"]}}],"collection":[{"href":"https:\/\/lappkees.dk\/index.php?rest_route=\/wp\/v2\/pages"}],"about":[{"href":"https:\/\/lappkees.dk\/index.php?rest_route=\/wp\/v2\/types\/page"}],"author":[{"embeddable":true,"href":"https:\/\/lappkees.dk\/index.php?rest_route=\/wp\/v2\/users\/1"}],"replies":[{"embeddable":true,"href":"https:\/\/lappkees.dk\/index.php?rest_route=%2Fwp%2Fv2%2Fcomments&post=91"}],"version-history":[{"count":1,"href":"https:\/\/lappkees.dk\/index.php?rest_route=\/wp\/v2\/pages\/91\/revisions"}],"predecessor-version":[{"id":92,"href":"https:\/\/lappkees.dk\/index.php?rest_route=\/wp\/v2\/pages\/91\/revisions\/92"}],"wp:attachment":[{"href":"https:\/\/lappkees.dk\/index.php?rest_route=%2Fwp%2Fv2%2Fmedia&parent=91"}],"curies":[{"name":"wp","href":"https:\/\/api.w.org\/{rel}","templated":true}]}}