{"id":42,"date":"2023-05-30T10:20:31","date_gmt":"2023-05-30T10:20:31","guid":{"rendered":"https:\/\/lappkees.dk\/wordpress\/?page_id=42"},"modified":"2023-05-30T10:20:31","modified_gmt":"2023-05-30T10:20:31","slug":"addisons-disease","status":"publish","type":"page","link":"https:\/\/lappkees.dk\/?page_id=42","title":{"rendered":"ADDISONS DISEASE"},"content":{"rendered":"\n<p>F\u00f8rst vil jeg skrive, at alt jeg skriver her er baseret p\u00e5 forskning foretaget af dygtige folk i USA, eller andre steder. Det er ikke for at pege fingre af nogle, men for at fors\u00f8ge at p\u00e5vise den store kompleksitet der er ved at lave generelle lister over sygdomme, som eksempelvis Addisons. I hundeverdenen, er der desv\u00e6rre en tendens til at mange g\u00f8r som de plejer og derfor ikke stiller nok sp\u00f8rgsm\u00e5l. Lige som jeg oplever at mange taler ud fra det man plejer at g\u00f8re og ikke ud fra nyeste viden om emnet. Flere tror jeg stikker n\u00e6sen frem, men jeg er en af de her irriterende personer der stiller rigtig mange sp\u00f8rgsm\u00e5lstegn.<\/p>\n\n\n\n<p>SLU anbefaler man tager n\u00e6rmeste hunde med den ber\u00f8rte ud af avl.<\/p>\n\n\n\n<p><strong>Min vej til at blive klogere:<\/strong><\/p>\n\n\n\n<p>Addisons Disease findes som prim\u00e6r, sekund\u00e6r og atypisk, hvilket er vigtigt at vide.<\/p>\n\n\n\n<p>N\u00e5r vi v\u00e6lger at offentligg\u00f8re hvorvidt en hund har Addisons Disease, er det derfor meget vigtigt at vide hvilken type Addisons den er diagnostiseret med.<\/p>\n\n\n\n<p>Det er vigtigt at&nbsp;<strong>ACTH Stimulation test<\/strong>&nbsp;bliver udf\u00f8rt p\u00e5 hunden. Denne test er den mest p\u00e5lidelige test i forhold til sygdommen, s\u00e5 n\u00e5r en hund f\u00e5r konstateret Addisons, vil det v\u00e6re godt at f\u00e5 at vide hvilken type der er tale om, og om denne test er bag diagnosen. S\u00e5 ved mistanke om at en hund har Addisons, f\u00e5 lavet denne test.<\/p>\n\n\n\n<p>Husk p\u00e5 at forskerne er i fuld gang med at forske, og derfor kommer der hele tiden ny viden. Det der er sandheden lige nu, kan senere vise sig at v\u00e6re forkert. Vi bliver alle klogere.<\/p>\n\n\n\n<p>Jeg har fundet ud af at Professor dr. Anita Oberbauer er f\u00f8rende forsker indenfor denne sygdom og hendes materiale bliver ogs\u00e5 brugt hos blandt andet Sveriges Landbrugs Universitet. Jeg har v\u00e6ret i kontakt pr. mail med hende og f\u00e5et nogle links, men ogs\u00e5 f\u00e5et at vide at det de forsker p\u00e5 lige nu, endnu ikke er klar til at blive offentliggjort i en artikel. S\u00e5 den m\u00e5 i vente p\u00e5.<\/p>\n\n\n\n<p>Genetisk evaluering af Portuguese Water Dogs link:<\/p>\n\n\n\n<p><a href=\"http:\/\/bmcvetres.biomedcentral.com\/articles\/10.1186\/1746-6148-2-15\">http:\/\/bmcvetres.biomedcentral.com\/articles\/10.1186\/1746-6148-2-15<\/a><\/p>\n\n\n\n<p>Kort opsummering af det som jeg personligt synes er vigtigt at vide som opdr\u00e6tter.<\/p>\n\n\n\n<ul class=\"wp-block-list\">\n<li>Addisons Disease er arvligt<\/li>\n\n\n\n<li>Genet ser ud til kun at blive givet videre, hvis b\u00e5de mor og far er b\u00e6rer af det<\/li>\n\n\n\n<li>Hvorfor nogle hunde f\u00e5r det og andre ikke er ikke klarlagt (to voksne hunde har f\u00e5et hvalpe og herefter har begge f\u00e5et konstateret Addisons. Ingen af disse hvalpe har f\u00e5et Addisons og de er nu 11 \u00e5r gamle)<\/li>\n\n\n\n<li>Indavls koefficienten har betydning i hele 7 generationer bag og skal v\u00e6re meget lavt<\/li>\n\n\n\n<li>I USA vurdere man (ved forskning) at en hund er rask n\u00e5r ingen i tre generationer har udviklet sygdommen, ellers f\u00e5r den pr\u00e6dikatet b\u00e6rer<\/li>\n<\/ul>\n\n\n\n<p>Anbefalinger fra Anita Oberbauer er, at man ikke udelukker b\u00e6rer fra avl, men at man ser p\u00e5 risikoen i forhold til kombination af to avlshunde<\/p>\n\n\n\n<p>Hun anbefaler ogs\u00e5 at man undg\u00e5r linjeavl og for megen brug af enkelte popul\u00e6re hunde.<\/p>\n\n\n\n<p>Hvorfor man skal undg\u00e5 linjeavl og overforbrug af popul\u00e6re hund ogs\u00e5 kaldet \u2018bottleneck\u2019 kan l\u00e6ses om her.<\/p>\n\n\n\n<p>Link:&nbsp;<a href=\"https:\/\/cgejournal.biomedcentral.com\/articles\/10.1186\/s40575-015-0026-5\">https:\/\/cgejournal.biomedcentral.com\/articles\/10.1186\/s40575-015-0026-5<\/a><\/p>\n\n\n\n<p>SLU er vist ogs\u00e5 igang med forskning af Finsk Lapphund. En studerende har lavet denne rapport og har fundet en stamfader GA som mist\u00e6nkes for at v\u00e6re b\u00e6rer af tre forskellige sygdomme. Disse tre sygdomme er fundet i st\u00f8rre grad i nogle linjer. L\u00e6s hele rapporten.<\/p>\n\n\n\n<p><a href=\"http:\/\/stud.epsilon.slu.se\/9584\/1\/nilsson_m_160926.pdf\">http:\/\/stud.epsilon.slu.se\/9584\/1\/nilsson_m_160926.pdf<\/a><\/p>\n\n\n\n<p>Desv\u00e6rre synes jeg man b\u00f8r n\u00e6vne hvem GA er. Jeg har selv har mistanke til hvilken hund der er tale om, Mistanke er opst\u00e5et efter jeg er blevet klogere og har l\u00e6st om det. Personligt synes jeg det er vigtig information, n\u00e5r man v\u00e6lger at lave lister med ber\u00f8rte hunde. Specielt fordi han stadigv\u00e6k er t\u00e6t p\u00e5 i nogle linjer. For ikke at skabe panik, s\u00e5 kan man sagtens undg\u00e5 ham i de generationer der anbefales for at kunne sige en hund ikke er b\u00e6rer. Min mistanke kan jo v\u00e6re forkert, og derfor vil jeg ikke offentligg\u00f8re ham. Det kan skabe un\u00f8dig panik og g\u00f8re at folk frav\u00e6lger nogle linjer i avl, hvilket p\u00e5 lang sigt er meget v\u00e6rre end at fors\u00f8ge at brede genpuljen.<\/p>\n\n\n\n<p>Jeg har spurgt SLU om grunden til at de ikke offentligg\u00f8r stamhunden \u2018GA\u2019. Det har de valgt ikke at g\u00f8re, fordi de ikke har lavet kontrol forskning omkring de friske hunde fra denne hund, s\u00e5 jeg t\u00e6nker det er for at undg\u00e5 panik. S\u00e5 m\u00e5ske det skal v\u00e6re mit n\u00e6ste projekt, s\u00e5 vi kan f\u00e5 navnet ud i lyset. Jeg sendte navnet til SLU p\u00e5 den hund jeg mist\u00e6nker, men de hverken kan eller vil bekr\u00e6fte om det er den, men de afkr\u00e6fter heller ikke.<\/p>\n","protected":false},"excerpt":{"rendered":"<p>F\u00f8rst vil jeg skrive, at alt jeg skriver her er baseret p\u00e5 forskning foretaget af dygtige folk i USA, eller andre steder. Det er ikke for at pege fingre af nogle, men for at fors\u00f8ge at p\u00e5vise den store kompleksitet der er ved at lave generelle lister over sygdomme, som eksempelvis Addisons. I hundeverdenen, er &hellip; <a href=\"https:\/\/lappkees.dk\/?page_id=42\" class=\"more-link\">L\u00e6s videre <span class=\"screen-reader-text\">ADDISONS DISEASE<\/span> <span class=\"meta-nav\">&rarr;<\/span><\/a><\/p>\n","protected":false},"author":1,"featured_media":0,"parent":0,"menu_order":0,"comment_status":"closed","ping_status":"closed","template":"","meta":{"footnotes":""},"class_list":["post-42","page","type-page","status-publish","hentry"],"_links":{"self":[{"href":"https:\/\/lappkees.dk\/index.php?rest_route=\/wp\/v2\/pages\/42","targetHints":{"allow":["GET"]}}],"collection":[{"href":"https:\/\/lappkees.dk\/index.php?rest_route=\/wp\/v2\/pages"}],"about":[{"href":"https:\/\/lappkees.dk\/index.php?rest_route=\/wp\/v2\/types\/page"}],"author":[{"embeddable":true,"href":"https:\/\/lappkees.dk\/index.php?rest_route=\/wp\/v2\/users\/1"}],"replies":[{"embeddable":true,"href":"https:\/\/lappkees.dk\/index.php?rest_route=%2Fwp%2Fv2%2Fcomments&post=42"}],"version-history":[{"count":1,"href":"https:\/\/lappkees.dk\/index.php?rest_route=\/wp\/v2\/pages\/42\/revisions"}],"predecessor-version":[{"id":43,"href":"https:\/\/lappkees.dk\/index.php?rest_route=\/wp\/v2\/pages\/42\/revisions\/43"}],"wp:attachment":[{"href":"https:\/\/lappkees.dk\/index.php?rest_route=%2Fwp%2Fv2%2Fmedia&parent=42"}],"curies":[{"name":"wp","href":"https:\/\/api.w.org\/{rel}","templated":true}]}}