{"id":249,"date":"2023-08-08T15:41:14","date_gmt":"2023-08-08T15:41:14","guid":{"rendered":"https:\/\/lappkees.dk\/?page_id=249"},"modified":"2023-08-08T15:57:51","modified_gmt":"2023-08-08T15:57:51","slug":"finsk-kuldet-21-foedt-d-23-07-2021","status":"publish","type":"page","link":"https:\/\/lappkees.dk\/?page_id=249","title":{"rendered":"Finsk kuldet 2021 f\u00f8dt d. 23.07.21"},"content":{"rendered":"\n<p>Mor er Biegga<\/p>\n\n\n\n<p>Far er vores egne import Collin Nezkrotn\u00e1 mark\u00fdza aka Louie DK05816\/2018 og CMKU LAK\/136\/1\/ &#8211; HD C, AD 0, PRA og Pompes fri, \u00d8jenlyst med PPM iris til iris (mild) og RD (mild) begge \u00f8jensygdomme m\u00e5 avles p\u00e5, men man b\u00f8r finde en fri t\u00e6ve. Det er ogs\u00e5 \u00f8jensygdomme som de er f\u00f8dt med og man kan \u00f8jenlyse kuldet f\u00f8r de flytter hjemmefra for at tjekke. \u00d8jensygdommen vil aldrig forv\u00e6rres eller p\u00e5virke hunden n\u00e5r den er mild. Men den findes i flere grader og ikke alle b\u00f8r avles p\u00e5.     <\/p>\n\n\n\n<p>LappKees Kukka aka Kuki DK19248\/2021<\/p>\n\n\n\n<figure class=\"wp-block-gallery has-nested-images columns-2 is-cropped wp-block-gallery-1 is-layout-flex wp-block-gallery-is-layout-flex\">\n<figure class=\"wp-block-image size-large\"><img loading=\"lazy\" decoding=\"async\" width=\"1024\" height=\"743\" data-id=\"253\" src=\"https:\/\/lappkees.dk\/wp-content\/uploads\/2023\/08\/241423591_10224744587535537_3445038836413486816_n-1024x743.jpg\" alt=\"\" class=\"wp-image-253\" srcset=\"https:\/\/lappkees.dk\/wp-content\/uploads\/2023\/08\/241423591_10224744587535537_3445038836413486816_n-1024x743.jpg 1024w, https:\/\/lappkees.dk\/wp-content\/uploads\/2023\/08\/241423591_10224744587535537_3445038836413486816_n-300x218.jpg 300w, https:\/\/lappkees.dk\/wp-content\/uploads\/2023\/08\/241423591_10224744587535537_3445038836413486816_n-768x557.jpg 768w, https:\/\/lappkees.dk\/wp-content\/uploads\/2023\/08\/241423591_10224744587535537_3445038836413486816_n-1536x1114.jpg 1536w, https:\/\/lappkees.dk\/wp-content\/uploads\/2023\/08\/241423591_10224744587535537_3445038836413486816_n.jpg 1923w\" sizes=\"auto, (max-width: 1024px) 100vw, 1024px\" \/><\/figure>\n\n\n\n<figure class=\"wp-block-image size-large\"><img loading=\"lazy\" decoding=\"async\" width=\"1024\" height=\"625\" data-id=\"254\" src=\"https:\/\/lappkees.dk\/wp-content\/uploads\/2023\/08\/241205554_10224744586495511_5583311202615471289_n-1024x625.jpg\" alt=\"\" class=\"wp-image-254\" srcset=\"https:\/\/lappkees.dk\/wp-content\/uploads\/2023\/08\/241205554_10224744586495511_5583311202615471289_n-1024x625.jpg 1024w, https:\/\/lappkees.dk\/wp-content\/uploads\/2023\/08\/241205554_10224744586495511_5583311202615471289_n-300x183.jpg 300w, https:\/\/lappkees.dk\/wp-content\/uploads\/2023\/08\/241205554_10224744586495511_5583311202615471289_n-768x469.jpg 768w, https:\/\/lappkees.dk\/wp-content\/uploads\/2023\/08\/241205554_10224744586495511_5583311202615471289_n-1536x938.jpg 1536w, https:\/\/lappkees.dk\/wp-content\/uploads\/2023\/08\/241205554_10224744586495511_5583311202615471289_n.jpg 1674w\" sizes=\"auto, (max-width: 1024px) 100vw, 1024px\" \/><\/figure>\n\n\n\n<figure class=\"wp-block-image size-large\"><img loading=\"lazy\" decoding=\"async\" width=\"972\" height=\"1024\" data-id=\"256\" src=\"https:\/\/lappkees.dk\/wp-content\/uploads\/2023\/08\/345447135_160673186961006_976185348502169131_n-972x1024.jpg\" alt=\"\" class=\"wp-image-256\" srcset=\"https:\/\/lappkees.dk\/wp-content\/uploads\/2023\/08\/345447135_160673186961006_976185348502169131_n-972x1024.jpg 972w, https:\/\/lappkees.dk\/wp-content\/uploads\/2023\/08\/345447135_160673186961006_976185348502169131_n-285x300.jpg 285w, https:\/\/lappkees.dk\/wp-content\/uploads\/2023\/08\/345447135_160673186961006_976185348502169131_n-768x809.jpg 768w, https:\/\/lappkees.dk\/wp-content\/uploads\/2023\/08\/345447135_160673186961006_976185348502169131_n.jpg 1150w\" sizes=\"auto, (max-width: 972px) 100vw, 972px\" \/><\/figure>\n<\/figure>\n\n\n\n<p>LappKees Otso aka Maison DK19247\/2021<\/p>\n\n\n\n<figure class=\"wp-block-gallery has-nested-images columns-2 is-cropped wp-block-gallery-2 is-layout-flex wp-block-gallery-is-layout-flex\">\n<figure class=\"wp-block-image size-large\"><img loading=\"lazy\" decoding=\"async\" width=\"1024\" height=\"683\" data-id=\"257\" src=\"https:\/\/lappkees.dk\/wp-content\/uploads\/2023\/08\/241254403_10224744584895471_7676693324626524369_n-1024x683.jpg\" alt=\"\" class=\"wp-image-257\" srcset=\"https:\/\/lappkees.dk\/wp-content\/uploads\/2023\/08\/241254403_10224744584895471_7676693324626524369_n-1024x683.jpg 1024w, https:\/\/lappkees.dk\/wp-content\/uploads\/2023\/08\/241254403_10224744584895471_7676693324626524369_n-300x200.jpg 300w, https:\/\/lappkees.dk\/wp-content\/uploads\/2023\/08\/241254403_10224744584895471_7676693324626524369_n-768x512.jpg 768w, https:\/\/lappkees.dk\/wp-content\/uploads\/2023\/08\/241254403_10224744584895471_7676693324626524369_n-1536x1024.jpg 1536w, https:\/\/lappkees.dk\/wp-content\/uploads\/2023\/08\/241254403_10224744584895471_7676693324626524369_n.jpg 2048w\" sizes=\"auto, (max-width: 1024px) 100vw, 1024px\" \/><\/figure>\n\n\n\n<figure class=\"wp-block-image size-large\"><img loading=\"lazy\" decoding=\"async\" width=\"1024\" height=\"815\" data-id=\"258\" src=\"https:\/\/lappkees.dk\/wp-content\/uploads\/2023\/08\/241455178_10224744582895421_7335600545104731859_n-1024x815.jpg\" alt=\"\" class=\"wp-image-258\" srcset=\"https:\/\/lappkees.dk\/wp-content\/uploads\/2023\/08\/241455178_10224744582895421_7335600545104731859_n-1024x815.jpg 1024w, https:\/\/lappkees.dk\/wp-content\/uploads\/2023\/08\/241455178_10224744582895421_7335600545104731859_n-300x239.jpg 300w, https:\/\/lappkees.dk\/wp-content\/uploads\/2023\/08\/241455178_10224744582895421_7335600545104731859_n-768x611.jpg 768w, https:\/\/lappkees.dk\/wp-content\/uploads\/2023\/08\/241455178_10224744582895421_7335600545104731859_n-1536x1222.jpg 1536w, https:\/\/lappkees.dk\/wp-content\/uploads\/2023\/08\/241455178_10224744582895421_7335600545104731859_n.jpg 1968w\" sizes=\"auto, (max-width: 1024px) 100vw, 1024px\" \/><\/figure>\n\n\n\n<figure class=\"wp-block-image size-large\"><img loading=\"lazy\" decoding=\"async\" width=\"638\" height=\"960\" data-id=\"259\" src=\"https:\/\/lappkees.dk\/wp-content\/uploads\/2023\/08\/360094310_10227120408010125_7683717042631634739_n.jpg\" alt=\"\" class=\"wp-image-259\" srcset=\"https:\/\/lappkees.dk\/wp-content\/uploads\/2023\/08\/360094310_10227120408010125_7683717042631634739_n.jpg 638w, https:\/\/lappkees.dk\/wp-content\/uploads\/2023\/08\/360094310_10227120408010125_7683717042631634739_n-199x300.jpg 199w\" sizes=\"auto, (max-width: 638px) 100vw, 638px\" \/><\/figure>\n<\/figure>\n\n\n\n<p>LappKees Meri DK19249\/2021<\/p>\n\n\n\n<figure class=\"wp-block-gallery has-nested-images columns-2 is-cropped wp-block-gallery-3 is-layout-flex wp-block-gallery-is-layout-flex\">\n<figure class=\"wp-block-image size-large\"><img loading=\"lazy\" decoding=\"async\" width=\"1024\" height=\"819\" data-id=\"260\" src=\"https:\/\/lappkees.dk\/wp-content\/uploads\/2023\/08\/241422832_10224744582415409_3984756621874062047_n-1024x819.jpg\" alt=\"\" class=\"wp-image-260\" srcset=\"https:\/\/lappkees.dk\/wp-content\/uploads\/2023\/08\/241422832_10224744582415409_3984756621874062047_n-1024x819.jpg 1024w, https:\/\/lappkees.dk\/wp-content\/uploads\/2023\/08\/241422832_10224744582415409_3984756621874062047_n-300x240.jpg 300w, https:\/\/lappkees.dk\/wp-content\/uploads\/2023\/08\/241422832_10224744582415409_3984756621874062047_n-768x614.jpg 768w, https:\/\/lappkees.dk\/wp-content\/uploads\/2023\/08\/241422832_10224744582415409_3984756621874062047_n-1536x1228.jpg 1536w, https:\/\/lappkees.dk\/wp-content\/uploads\/2023\/08\/241422832_10224744582415409_3984756621874062047_n.jpg 1875w\" sizes=\"auto, (max-width: 1024px) 100vw, 1024px\" \/><\/figure>\n\n\n\n<figure class=\"wp-block-image size-large\"><img loading=\"lazy\" decoding=\"async\" width=\"1024\" height=\"753\" data-id=\"261\" src=\"https:\/\/lappkees.dk\/wp-content\/uploads\/2023\/08\/240655010_10224744581095376_2360070275136610017_n-1024x753.jpg\" alt=\"\" class=\"wp-image-261\" srcset=\"https:\/\/lappkees.dk\/wp-content\/uploads\/2023\/08\/240655010_10224744581095376_2360070275136610017_n-1024x753.jpg 1024w, https:\/\/lappkees.dk\/wp-content\/uploads\/2023\/08\/240655010_10224744581095376_2360070275136610017_n-300x221.jpg 300w, https:\/\/lappkees.dk\/wp-content\/uploads\/2023\/08\/240655010_10224744581095376_2360070275136610017_n-768x565.jpg 768w, https:\/\/lappkees.dk\/wp-content\/uploads\/2023\/08\/240655010_10224744581095376_2360070275136610017_n-1536x1130.jpg 1536w, https:\/\/lappkees.dk\/wp-content\/uploads\/2023\/08\/240655010_10224744581095376_2360070275136610017_n.jpg 1736w\" sizes=\"auto, (max-width: 1024px) 100vw, 1024px\" \/><\/figure>\n\n\n\n<figure class=\"wp-block-image size-large\"><img loading=\"lazy\" decoding=\"async\" width=\"1024\" height=\"808\" data-id=\"262\" src=\"https:\/\/lappkees.dk\/wp-content\/uploads\/2023\/08\/296948271_10226424181724342_4951349241342722223_n-1024x808.jpg\" alt=\"\" class=\"wp-image-262\" srcset=\"https:\/\/lappkees.dk\/wp-content\/uploads\/2023\/08\/296948271_10226424181724342_4951349241342722223_n-1024x808.jpg 1024w, https:\/\/lappkees.dk\/wp-content\/uploads\/2023\/08\/296948271_10226424181724342_4951349241342722223_n-300x237.jpg 300w, https:\/\/lappkees.dk\/wp-content\/uploads\/2023\/08\/296948271_10226424181724342_4951349241342722223_n-768x606.jpg 768w, https:\/\/lappkees.dk\/wp-content\/uploads\/2023\/08\/296948271_10226424181724342_4951349241342722223_n-1536x1211.jpg 1536w, https:\/\/lappkees.dk\/wp-content\/uploads\/2023\/08\/296948271_10226424181724342_4951349241342722223_n.jpg 2048w\" sizes=\"auto, (max-width: 1024px) 100vw, 1024px\" \/><\/figure>\n<\/figure>\n","protected":false},"excerpt":{"rendered":"<p>Mor er Biegga Far er vores egne import Collin Nezkrotn\u00e1 mark\u00fdza aka Louie DK05816\/2018 og CMKU LAK\/136\/1\/ &#8211; HD C, AD 0, PRA og Pompes fri, \u00d8jenlyst med PPM iris til iris (mild) og RD (mild) begge \u00f8jensygdomme m\u00e5 avles p\u00e5, men man b\u00f8r finde en fri t\u00e6ve. Det er ogs\u00e5 \u00f8jensygdomme som de er &hellip; <a href=\"https:\/\/lappkees.dk\/?page_id=249\" class=\"more-link\">L\u00e6s videre <span class=\"screen-reader-text\">Finsk kuldet 2021 f\u00f8dt d. 23.07.21<\/span> <span class=\"meta-nav\">&rarr;<\/span><\/a><\/p>\n","protected":false},"author":1,"featured_media":0,"parent":0,"menu_order":0,"comment_status":"closed","ping_status":"closed","template":"","meta":{"footnotes":""},"class_list":["post-249","page","type-page","status-publish","hentry"],"_links":{"self":[{"href":"https:\/\/lappkees.dk\/index.php?rest_route=\/wp\/v2\/pages\/249","targetHints":{"allow":["GET"]}}],"collection":[{"href":"https:\/\/lappkees.dk\/index.php?rest_route=\/wp\/v2\/pages"}],"about":[{"href":"https:\/\/lappkees.dk\/index.php?rest_route=\/wp\/v2\/types\/page"}],"author":[{"embeddable":true,"href":"https:\/\/lappkees.dk\/index.php?rest_route=\/wp\/v2\/users\/1"}],"replies":[{"embeddable":true,"href":"https:\/\/lappkees.dk\/index.php?rest_route=%2Fwp%2Fv2%2Fcomments&post=249"}],"version-history":[{"count":3,"href":"https:\/\/lappkees.dk\/index.php?rest_route=\/wp\/v2\/pages\/249\/revisions"}],"predecessor-version":[{"id":265,"href":"https:\/\/lappkees.dk\/index.php?rest_route=\/wp\/v2\/pages\/249\/revisions\/265"}],"wp:attachment":[{"href":"https:\/\/lappkees.dk\/index.php?rest_route=%2Fwp%2Fv2%2Fmedia&parent=249"}],"curies":[{"name":"wp","href":"https:\/\/api.w.org\/{rel}","templated":true}]}}