{"id":22,"date":"2023-05-30T09:23:19","date_gmt":"2023-05-30T09:23:19","guid":{"rendered":"https:\/\/lappkees.dk\/wordpress\/?page_id=22"},"modified":"2023-08-15T09:44:22","modified_gmt":"2023-08-15T09:44:22","slug":"avl-og-etik","status":"publish","type":"page","link":"https:\/\/lappkees.dk\/?page_id=22","title":{"rendered":"Avl og etik"},"content":{"rendered":"\n<p>AVL OG ETIK<\/p>\n\n\n\n<p><a href=\"https:\/\/lappkees.dk\/wp-content\/uploads\/2013\/10\/Logo-opdr-udd.jpg\"><\/a>I september 2013 blev jeg f\u00e6rdig med opdr\u00e6tteruddannelsen gennem DKK.<\/p>\n\n\n\n<figure class=\"wp-block-image size-full is-resized\"><img loading=\"lazy\" decoding=\"async\" src=\"https:\/\/lappkees.dk\/wp-content\/uploads\/2023\/05\/Logo-opdr-udd.jpg\" alt=\"\" class=\"wp-image-27\" width=\"387\" height=\"387\" srcset=\"https:\/\/lappkees.dk\/wp-content\/uploads\/2023\/05\/Logo-opdr-udd.jpg 387w, https:\/\/lappkees.dk\/wp-content\/uploads\/2023\/05\/Logo-opdr-udd-300x300.jpg 300w, https:\/\/lappkees.dk\/wp-content\/uploads\/2023\/05\/Logo-opdr-udd-150x150.jpg 150w\" sizes=\"auto, (max-width: 387px) 100vw, 387px\" \/><\/figure>\n\n\n\n<p>Jeg har kennel m\u00e6rke gennem FCI, er medlem af Spidshundeklubben og Dansk Kennel Klub.<\/p>\n\n\n\n<figure class=\"wp-block-gallery has-nested-images columns-default is-cropped wp-block-gallery-1 is-layout-flex wp-block-gallery-is-layout-flex\">\n<figure class=\"wp-block-image size-full\"><img loading=\"lazy\" decoding=\"async\" width=\"225\" height=\"225\" data-id=\"29\" src=\"https:\/\/lappkees.dk\/wp-content\/uploads\/2023\/05\/logo.png\" alt=\"\" class=\"wp-image-29\" srcset=\"https:\/\/lappkees.dk\/wp-content\/uploads\/2023\/05\/logo.png 225w, https:\/\/lappkees.dk\/wp-content\/uploads\/2023\/05\/logo-150x150.png 150w\" sizes=\"auto, (max-width: 225px) 100vw, 225px\" \/><\/figure>\n\n\n\n<figure class=\"wp-block-image size-full\"><img loading=\"lazy\" decoding=\"async\" width=\"2048\" height=\"2048\" data-id=\"31\" src=\"https:\/\/lappkees.dk\/wp-content\/uploads\/2023\/05\/312939068_495450395958823_2109553197916968753_n.jpg\" alt=\"\" class=\"wp-image-31\" srcset=\"https:\/\/lappkees.dk\/wp-content\/uploads\/2023\/05\/312939068_495450395958823_2109553197916968753_n.jpg 2048w, https:\/\/lappkees.dk\/wp-content\/uploads\/2023\/05\/312939068_495450395958823_2109553197916968753_n-300x300.jpg 300w, https:\/\/lappkees.dk\/wp-content\/uploads\/2023\/05\/312939068_495450395958823_2109553197916968753_n-1024x1024.jpg 1024w, https:\/\/lappkees.dk\/wp-content\/uploads\/2023\/05\/312939068_495450395958823_2109553197916968753_n-150x150.jpg 150w, https:\/\/lappkees.dk\/wp-content\/uploads\/2023\/05\/312939068_495450395958823_2109553197916968753_n-768x768.jpg 768w, https:\/\/lappkees.dk\/wp-content\/uploads\/2023\/05\/312939068_495450395958823_2109553197916968753_n-1536x1536.jpg 1536w\" sizes=\"auto, (max-width: 2048px) 100vw, 2048px\" \/><\/figure>\n\n\n\n<figure class=\"wp-block-image size-full\"><img loading=\"lazy\" decoding=\"async\" width=\"225\" height=\"225\" data-id=\"32\" src=\"https:\/\/lappkees.dk\/wp-content\/uploads\/2023\/05\/images.png\" alt=\"\" class=\"wp-image-32\" srcset=\"https:\/\/lappkees.dk\/wp-content\/uploads\/2023\/05\/images.png 225w, https:\/\/lappkees.dk\/wp-content\/uploads\/2023\/05\/images-150x150.png 150w\" sizes=\"auto, (max-width: 225px) 100vw, 225px\" \/><\/figure>\n<\/figure>\n\n\n\n<p>Alle har en holdning til avl. Selv fors\u00f8ger jeg at avle udenom de mest brugte og vindende show hanner. Ikke fordi de ikke er totalt sk\u00f8nne, men fordi jeg har sat et m\u00e5l for mit avl fra start.<\/p>\n\n\n\n<ul class=\"wp-block-list\">\n<li>at lave nye linjer der ikke har matadorhanner<\/li>\n\n\n\n<li>at lave lave linjer hvor vi samtidig \u00f8ger gen diversity uden brug af de mest brugte hanner<\/li>\n\n\n\n<li>at forbedre min linje med den viden jeg udvikler l\u00f8bende<\/li>\n\n\n\n<li>at have fokus p\u00e5 anatomi og fysiologien, mere end udstilling<\/li>\n\n\n\n<li>at have fokus p\u00e5 temperament<\/li>\n<\/ul>\n\n\n\n<p>Jeg har i min kennel b\u00e5de hanner og t\u00e6ver, men mine hanner vil blive brugt sparsomt, og med samme etiske overvejelser som jeg har med i mit m\u00e5l. Jeg vil i gennemsnit helst kun benytte en t\u00e6ve til tre kuld, men kan v\u00e6re jeg v\u00e6lger en enkelt gang mere afh\u00e6ngig af hvordan det udvikler sig. Men fire er absolut min maks. gr\u00e6nse for en avlst\u00e6ve.<\/p>\n\n\n\n<p>F\u00f8r avl, vil mine hunde gennemg\u00e5 de sundhedsunders\u00f8gelser som DKK og Spidshundeklubben (SPK) anbefaler.<\/p>\n\n\n\n<p>Finsk Lapphund:<\/p>\n\n\n\n<ol class=\"wp-block-list\" type=\"1\">\n<li>PRA \u2013 gentest, medmindre for\u00e6ldre er testet fri og hvalpen s\u00e5 er fri gennem arv.<\/li>\n\n\n\n<li>\u00d8jenlysning<\/li>\n\n\n\n<li>HD-r\u00f8ngten (Tjek af hofter)<\/li>\n<\/ol>\n\n\n\n<p>Derudover v\u00e6lger jeg at unders\u00f8ge min Lapphund for:<\/p>\n\n\n\n<ol class=\"wp-block-list\" type=\"1\">\n<li>Pompes Disease<\/li>\n\n\n\n<li>AD-r\u00f8ngten (tjek af albuer, medmindre det er kendt i linjerne) Generelt har jeg ingen udfordringer med albuerne.<\/li>\n<\/ol>\n\n\n\n<p>Jeg bliver dog n\u00f8dt til at skrive, at selv om jeg som opdr\u00e6tter g\u00f8r alt hvad jeg kan for at unders\u00f8ge sygdomme og den genetiske arvemasse, s\u00e5 udelukker det desv\u00e6rre ikke, at der kan opst\u00e5 sygdomme i en af mine hvalpe. Jeg vil dog rigtig gerne kende sygdomme og opfordre mine hvalpek\u00f8bere til at kontakte mig, ligegyldigt hvor lidt de tror der er galt med deres hvalp.<\/p>\n\n\n\n<p>Her er et link til de farver der findes i vores race. Det er p\u00e5 engelsk<a href=\"https:\/\/www.caleebra.com\/colours?fbclid=IwAR1aJZO8b5OB5frcVswpPh7ycSrlVzYEkLL5HnhK6GuWY-P7EI-xiZ9h0TE\">&nbsp;https:\/\/www.caleebra.com\/colours?fbclid=IwAR1aJZO8b5OB5frcVswpPh7ycSrlVzYEkLL5HnhK6GuWY-P7EI-xiZ9h0TE<\/a><\/p>\n","protected":false},"excerpt":{"rendered":"<p>AVL OG ETIK I september 2013 blev jeg f\u00e6rdig med opdr\u00e6tteruddannelsen gennem DKK. Jeg har kennel m\u00e6rke gennem FCI, er medlem af Spidshundeklubben og Dansk Kennel Klub. Alle har en holdning til avl. Selv fors\u00f8ger jeg at avle udenom de mest brugte og vindende show hanner. Ikke fordi de ikke er totalt sk\u00f8nne, men fordi &hellip; <a href=\"https:\/\/lappkees.dk\/?page_id=22\" class=\"more-link\">L\u00e6s videre <span class=\"screen-reader-text\">Avl og etik<\/span> <span class=\"meta-nav\">&rarr;<\/span><\/a><\/p>\n","protected":false},"author":1,"featured_media":0,"parent":0,"menu_order":0,"comment_status":"closed","ping_status":"closed","template":"","meta":{"footnotes":""},"class_list":["post-22","page","type-page","status-publish","hentry"],"_links":{"self":[{"href":"https:\/\/lappkees.dk\/index.php?rest_route=\/wp\/v2\/pages\/22","targetHints":{"allow":["GET"]}}],"collection":[{"href":"https:\/\/lappkees.dk\/index.php?rest_route=\/wp\/v2\/pages"}],"about":[{"href":"https:\/\/lappkees.dk\/index.php?rest_route=\/wp\/v2\/types\/page"}],"author":[{"embeddable":true,"href":"https:\/\/lappkees.dk\/index.php?rest_route=\/wp\/v2\/users\/1"}],"replies":[{"embeddable":true,"href":"https:\/\/lappkees.dk\/index.php?rest_route=%2Fwp%2Fv2%2Fcomments&post=22"}],"version-history":[{"count":3,"href":"https:\/\/lappkees.dk\/index.php?rest_route=\/wp\/v2\/pages\/22\/revisions"}],"predecessor-version":[{"id":275,"href":"https:\/\/lappkees.dk\/index.php?rest_route=\/wp\/v2\/pages\/22\/revisions\/275"}],"wp:attachment":[{"href":"https:\/\/lappkees.dk\/index.php?rest_route=%2Fwp%2Fv2%2Fmedia&parent=22"}],"curies":[{"name":"wp","href":"https:\/\/api.w.org\/{rel}","templated":true}]}}