{"id":209,"date":"2023-08-08T12:17:07","date_gmt":"2023-08-08T12:17:07","guid":{"rendered":"https:\/\/lappkees.dk\/?page_id=209"},"modified":"2024-06-04T20:35:32","modified_gmt":"2024-06-04T20:35:32","slug":"vindkuldet-19-foedt-d-03-08-2019","status":"publish","type":"page","link":"https:\/\/lappkees.dk\/?page_id=209","title":{"rendered":"Vindkuldet 19 f\u00f8dt d. 03.08.2019"},"content":{"rendered":"\n<p>For\u00e6ldre er LappKees Ariel the mermaid DK14452\/2016 HD B\/C, AD 0, PRA og Pompes fri, \u00d8jenlyst med et enkelt ekstra \u00f8jenh\u00e5r ellers UA<\/p>\n\n\n\n<p>Buddha DK16602\/2012 HD A, PRA og Pompes fri, \u00d8jenlyst med PPM iris til iris (mild)<\/p>\n\n\n\n<p>LappKees Bentu de Soli DK14184\/2019 &#8211; An east wind on the coast of Sardinia<\/p>\n\n\n\n<figure class=\"wp-block-gallery has-nested-images columns-2 is-cropped wp-block-gallery-1 is-layout-flex wp-block-gallery-is-layout-flex\">\n<figure class=\"wp-block-image size-large\"><img loading=\"lazy\" decoding=\"async\" width=\"1024\" height=\"720\" data-id=\"210\" src=\"https:\/\/lappkees.dk\/wp-content\/uploads\/2023\/08\/soli2-1024x720.jpg\" alt=\"\" class=\"wp-image-210\" srcset=\"https:\/\/lappkees.dk\/wp-content\/uploads\/2023\/08\/soli2-1024x720.jpg 1024w, https:\/\/lappkees.dk\/wp-content\/uploads\/2023\/08\/soli2-300x211.jpg 300w, https:\/\/lappkees.dk\/wp-content\/uploads\/2023\/08\/soli2-768x540.jpg 768w, https:\/\/lappkees.dk\/wp-content\/uploads\/2023\/08\/soli2-1536x1079.jpg 1536w, https:\/\/lappkees.dk\/wp-content\/uploads\/2023\/08\/soli2.jpg 1914w\" sizes=\"auto, (max-width: 1024px) 100vw, 1024px\" \/><\/figure>\n\n\n\n<figure class=\"wp-block-image size-large\"><img loading=\"lazy\" decoding=\"async\" width=\"1024\" height=\"683\" data-id=\"211\" src=\"https:\/\/lappkees.dk\/wp-content\/uploads\/2023\/08\/soli4-1024x683.jpg\" alt=\"\" class=\"wp-image-211\" srcset=\"https:\/\/lappkees.dk\/wp-content\/uploads\/2023\/08\/soli4-1024x683.jpg 1024w, https:\/\/lappkees.dk\/wp-content\/uploads\/2023\/08\/soli4-300x200.jpg 300w, https:\/\/lappkees.dk\/wp-content\/uploads\/2023\/08\/soli4-768x512.jpg 768w, https:\/\/lappkees.dk\/wp-content\/uploads\/2023\/08\/soli4-1536x1024.jpg 1536w, https:\/\/lappkees.dk\/wp-content\/uploads\/2023\/08\/soli4.jpg 2048w\" sizes=\"auto, (max-width: 1024px) 100vw, 1024px\" \/><\/figure>\n\n\n\n<figure class=\"wp-block-image size-large\"><img loading=\"lazy\" decoding=\"async\" width=\"1024\" height=\"683\" data-id=\"212\" src=\"https:\/\/lappkees.dk\/wp-content\/uploads\/2023\/08\/soli-1024x683.jpg\" alt=\"\" class=\"wp-image-212\" srcset=\"https:\/\/lappkees.dk\/wp-content\/uploads\/2023\/08\/soli-1024x683.jpg 1024w, https:\/\/lappkees.dk\/wp-content\/uploads\/2023\/08\/soli-300x200.jpg 300w, https:\/\/lappkees.dk\/wp-content\/uploads\/2023\/08\/soli-768x512.jpg 768w, https:\/\/lappkees.dk\/wp-content\/uploads\/2023\/08\/soli-1536x1024.jpg 1536w, https:\/\/lappkees.dk\/wp-content\/uploads\/2023\/08\/soli-2048x1365.jpg 2048w\" sizes=\"auto, (max-width: 1024px) 100vw, 1024px\" \/><\/figure>\n<\/figure>\n\n\n\n<p>LappKees Chinook DK14185\/2019 &#8211; A type of foehn wind. Refers to the warm downslope wind in the Rocky Mountains<\/p>\n\n\n\n<figure class=\"wp-block-gallery has-nested-images columns-2 is-cropped wp-block-gallery-2 is-layout-flex wp-block-gallery-is-layout-flex\">\n<figure class=\"wp-block-image size-large\"><img loading=\"lazy\" decoding=\"async\" width=\"1024\" height=\"721\" data-id=\"213\" src=\"https:\/\/lappkees.dk\/wp-content\/uploads\/2023\/08\/chinook1-1024x721.jpg\" alt=\"\" class=\"wp-image-213\" srcset=\"https:\/\/lappkees.dk\/wp-content\/uploads\/2023\/08\/chinook1-1024x721.jpg 1024w, https:\/\/lappkees.dk\/wp-content\/uploads\/2023\/08\/chinook1-300x211.jpg 300w, https:\/\/lappkees.dk\/wp-content\/uploads\/2023\/08\/chinook1-768x541.jpg 768w, https:\/\/lappkees.dk\/wp-content\/uploads\/2023\/08\/chinook1-1536x1081.jpg 1536w, https:\/\/lappkees.dk\/wp-content\/uploads\/2023\/08\/chinook1.jpg 1712w\" sizes=\"auto, (max-width: 1024px) 100vw, 1024px\" \/><\/figure>\n\n\n\n<figure class=\"wp-block-image size-large\"><img loading=\"lazy\" decoding=\"async\" width=\"1024\" height=\"805\" data-id=\"214\" src=\"https:\/\/lappkees.dk\/wp-content\/uploads\/2023\/08\/chinook2-1024x805.jpg\" alt=\"\" class=\"wp-image-214\" srcset=\"https:\/\/lappkees.dk\/wp-content\/uploads\/2023\/08\/chinook2-1024x805.jpg 1024w, https:\/\/lappkees.dk\/wp-content\/uploads\/2023\/08\/chinook2-300x236.jpg 300w, https:\/\/lappkees.dk\/wp-content\/uploads\/2023\/08\/chinook2-768x604.jpg 768w, https:\/\/lappkees.dk\/wp-content\/uploads\/2023\/08\/chinook2-1536x1207.jpg 1536w, https:\/\/lappkees.dk\/wp-content\/uploads\/2023\/08\/chinook2.jpg 1781w\" sizes=\"auto, (max-width: 1024px) 100vw, 1024px\" \/><\/figure>\n\n\n\n<figure class=\"wp-block-image size-large\"><img loading=\"lazy\" decoding=\"async\" width=\"720\" height=\"960\" data-id=\"266\" src=\"https:\/\/lappkees.dk\/wp-content\/uploads\/2023\/08\/366206818_10226317533097052_7895291145943816265_n.jpg\" alt=\"\" class=\"wp-image-266\" srcset=\"https:\/\/lappkees.dk\/wp-content\/uploads\/2023\/08\/366206818_10226317533097052_7895291145943816265_n.jpg 720w, https:\/\/lappkees.dk\/wp-content\/uploads\/2023\/08\/366206818_10226317533097052_7895291145943816265_n-225x300.jpg 225w\" sizes=\"auto, (max-width: 720px) 100vw, 720px\" \/><\/figure>\n<\/figure>\n\n\n\n<p>LappKees Nashi aka Maddie DK14186\/2019 &#8211; A northeast wind which occurs in winter on the Iranian coast of the Persian Gulf<\/p>\n\n\n\n<figure class=\"wp-block-gallery has-nested-images columns-2 is-cropped wp-block-gallery-3 is-layout-flex wp-block-gallery-is-layout-flex\">\n<figure class=\"wp-block-image size-large\"><img loading=\"lazy\" decoding=\"async\" width=\"1024\" height=\"683\" data-id=\"215\" src=\"https:\/\/lappkees.dk\/wp-content\/uploads\/2023\/08\/nashi1-1024x683.jpg\" alt=\"\" class=\"wp-image-215\" srcset=\"https:\/\/lappkees.dk\/wp-content\/uploads\/2023\/08\/nashi1-1024x683.jpg 1024w, https:\/\/lappkees.dk\/wp-content\/uploads\/2023\/08\/nashi1-300x200.jpg 300w, https:\/\/lappkees.dk\/wp-content\/uploads\/2023\/08\/nashi1-768x512.jpg 768w, https:\/\/lappkees.dk\/wp-content\/uploads\/2023\/08\/nashi1-1536x1024.jpg 1536w, https:\/\/lappkees.dk\/wp-content\/uploads\/2023\/08\/nashi1.jpg 2048w\" sizes=\"auto, (max-width: 1024px) 100vw, 1024px\" \/><\/figure>\n\n\n\n<figure class=\"wp-block-image size-large\"><img loading=\"lazy\" decoding=\"async\" width=\"1024\" height=\"734\" data-id=\"216\" src=\"https:\/\/lappkees.dk\/wp-content\/uploads\/2023\/08\/nashi2-1024x734.jpg\" alt=\"\" class=\"wp-image-216\" srcset=\"https:\/\/lappkees.dk\/wp-content\/uploads\/2023\/08\/nashi2-1024x734.jpg 1024w, https:\/\/lappkees.dk\/wp-content\/uploads\/2023\/08\/nashi2-300x215.jpg 300w, https:\/\/lappkees.dk\/wp-content\/uploads\/2023\/08\/nashi2-768x550.jpg 768w, https:\/\/lappkees.dk\/wp-content\/uploads\/2023\/08\/nashi2-1536x1100.jpg 1536w, https:\/\/lappkees.dk\/wp-content\/uploads\/2023\/08\/nashi2.jpg 2048w\" sizes=\"auto, (max-width: 1024px) 100vw, 1024px\" \/><\/figure>\n\n\n\n<figure class=\"wp-block-image size-large\"><img loading=\"lazy\" decoding=\"async\" width=\"821\" height=\"876\" data-id=\"273\" src=\"https:\/\/lappkees.dk\/wp-content\/uploads\/2023\/08\/maddie.jpg\" alt=\"\" class=\"wp-image-273\" srcset=\"https:\/\/lappkees.dk\/wp-content\/uploads\/2023\/08\/maddie.jpg 821w, https:\/\/lappkees.dk\/wp-content\/uploads\/2023\/08\/maddie-281x300.jpg 281w, https:\/\/lappkees.dk\/wp-content\/uploads\/2023\/08\/maddie-768x819.jpg 768w\" sizes=\"auto, (max-width: 821px) 100vw, 821px\" \/><\/figure>\n<\/figure>\n\n\n\n<p>LappKees Chubasco aka Saljo DK14180\/2019 &#8211; A violent squall with thunder and lightning, encountered during the rainy season along the west coast of Central America. &#8211; Saljo har 12 hvalpe og forh\u00e5bentlig et kuld p\u00e5 vej.<\/p>\n\n\n\n<figure class=\"wp-block-gallery has-nested-images columns-2 is-cropped wp-block-gallery-4 is-layout-flex wp-block-gallery-is-layout-flex\">\n<figure class=\"wp-block-image size-large\"><img loading=\"lazy\" decoding=\"async\" width=\"1024\" height=\"683\" data-id=\"217\" src=\"https:\/\/lappkees.dk\/wp-content\/uploads\/2023\/08\/saljo2-1024x683.jpg\" alt=\"\" class=\"wp-image-217\" srcset=\"https:\/\/lappkees.dk\/wp-content\/uploads\/2023\/08\/saljo2-1024x683.jpg 1024w, https:\/\/lappkees.dk\/wp-content\/uploads\/2023\/08\/saljo2-300x200.jpg 300w, https:\/\/lappkees.dk\/wp-content\/uploads\/2023\/08\/saljo2-768x512.jpg 768w, https:\/\/lappkees.dk\/wp-content\/uploads\/2023\/08\/saljo2-1536x1024.jpg 1536w, https:\/\/lappkees.dk\/wp-content\/uploads\/2023\/08\/saljo2.jpg 2048w\" sizes=\"auto, (max-width: 1024px) 100vw, 1024px\" \/><\/figure>\n\n\n\n<figure class=\"wp-block-image size-large\"><img loading=\"lazy\" decoding=\"async\" width=\"1024\" height=\"672\" data-id=\"218\" src=\"https:\/\/lappkees.dk\/wp-content\/uploads\/2023\/08\/Saljo-1024x672.jpg\" alt=\"\" class=\"wp-image-218\" srcset=\"https:\/\/lappkees.dk\/wp-content\/uploads\/2023\/08\/Saljo-1024x672.jpg 1024w, https:\/\/lappkees.dk\/wp-content\/uploads\/2023\/08\/Saljo-300x197.jpg 300w, https:\/\/lappkees.dk\/wp-content\/uploads\/2023\/08\/Saljo-768x504.jpg 768w, https:\/\/lappkees.dk\/wp-content\/uploads\/2023\/08\/Saljo-1536x1009.jpg 1536w, https:\/\/lappkees.dk\/wp-content\/uploads\/2023\/08\/Saljo.jpg 1844w\" sizes=\"auto, (max-width: 1024px) 100vw, 1024px\" \/><\/figure>\n\n\n\n<figure class=\"wp-block-image size-large\"><img loading=\"lazy\" decoding=\"async\" width=\"1024\" height=\"645\" data-id=\"219\" src=\"https:\/\/lappkees.dk\/wp-content\/uploads\/2023\/08\/143536640_10223300967285933_408288423692900373_n-1024x645.jpg\" alt=\"\" class=\"wp-image-219\" srcset=\"https:\/\/lappkees.dk\/wp-content\/uploads\/2023\/08\/143536640_10223300967285933_408288423692900373_n-1024x645.jpg 1024w, https:\/\/lappkees.dk\/wp-content\/uploads\/2023\/08\/143536640_10223300967285933_408288423692900373_n-300x189.jpg 300w, https:\/\/lappkees.dk\/wp-content\/uploads\/2023\/08\/143536640_10223300967285933_408288423692900373_n-768x483.jpg 768w, https:\/\/lappkees.dk\/wp-content\/uploads\/2023\/08\/143536640_10223300967285933_408288423692900373_n-1536x967.jpg 1536w, https:\/\/lappkees.dk\/wp-content\/uploads\/2023\/08\/143536640_10223300967285933_408288423692900373_n.jpg 2048w\" sizes=\"auto, (max-width: 1024px) 100vw, 1024px\" \/><\/figure>\n<\/figure>\n\n\n\n<p>LappKees Pali DK14182\/2019 &#8211; A local name for strong winds which blows at Honolulu<\/p>\n\n\n\n<figure class=\"wp-block-gallery has-nested-images columns-2 is-cropped wp-block-gallery-5 is-layout-flex wp-block-gallery-is-layout-flex\">\n<figure class=\"wp-block-image size-large\"><img loading=\"lazy\" decoding=\"async\" width=\"1024\" height=\"683\" data-id=\"220\" src=\"https:\/\/lappkees.dk\/wp-content\/uploads\/2023\/08\/pali4-1024x683.jpg\" alt=\"\" class=\"wp-image-220\" srcset=\"https:\/\/lappkees.dk\/wp-content\/uploads\/2023\/08\/pali4-1024x683.jpg 1024w, https:\/\/lappkees.dk\/wp-content\/uploads\/2023\/08\/pali4-300x200.jpg 300w, https:\/\/lappkees.dk\/wp-content\/uploads\/2023\/08\/pali4-768x512.jpg 768w, https:\/\/lappkees.dk\/wp-content\/uploads\/2023\/08\/pali4-1536x1024.jpg 1536w, https:\/\/lappkees.dk\/wp-content\/uploads\/2023\/08\/pali4.jpg 2048w\" sizes=\"auto, (max-width: 1024px) 100vw, 1024px\" \/><\/figure>\n\n\n\n<figure class=\"wp-block-image size-large\"><img loading=\"lazy\" decoding=\"async\" width=\"1024\" height=\"774\" data-id=\"221\" src=\"https:\/\/lappkees.dk\/wp-content\/uploads\/2023\/08\/pali1-1024x774.jpg\" alt=\"\" class=\"wp-image-221\" srcset=\"https:\/\/lappkees.dk\/wp-content\/uploads\/2023\/08\/pali1-1024x774.jpg 1024w, https:\/\/lappkees.dk\/wp-content\/uploads\/2023\/08\/pali1-300x227.jpg 300w, https:\/\/lappkees.dk\/wp-content\/uploads\/2023\/08\/pali1-768x581.jpg 768w, https:\/\/lappkees.dk\/wp-content\/uploads\/2023\/08\/pali1-1536x1161.jpg 1536w, https:\/\/lappkees.dk\/wp-content\/uploads\/2023\/08\/pali1.jpg 1845w\" sizes=\"auto, (max-width: 1024px) 100vw, 1024px\" \/><\/figure>\n\n\n\n<figure class=\"wp-block-image size-large\"><img loading=\"lazy\" decoding=\"async\" width=\"764\" height=\"1024\" data-id=\"222\" src=\"https:\/\/lappkees.dk\/wp-content\/uploads\/2023\/08\/pali3-764x1024.jpg\" alt=\"\" class=\"wp-image-222\" srcset=\"https:\/\/lappkees.dk\/wp-content\/uploads\/2023\/08\/pali3-764x1024.jpg 764w, https:\/\/lappkees.dk\/wp-content\/uploads\/2023\/08\/pali3-224x300.jpg 224w, https:\/\/lappkees.dk\/wp-content\/uploads\/2023\/08\/pali3-768x1029.jpg 768w, https:\/\/lappkees.dk\/wp-content\/uploads\/2023\/08\/pali3-1146x1536.jpg 1146w, https:\/\/lappkees.dk\/wp-content\/uploads\/2023\/08\/pali3.jpg 1504w\" sizes=\"auto, (max-width: 764px) 100vw, 764px\" \/><\/figure>\n<\/figure>\n\n\n\n<p>LappKees Willy-Willy aka Cosmo DK14181\/2019 &#8211; A tropical cyclone (with winds 33 knots or greater) in Australia. &#8211; Cosmo har 5 hvalpe<\/p>\n\n\n\n<figure class=\"wp-block-gallery has-nested-images columns-2 is-cropped wp-block-gallery-6 is-layout-flex wp-block-gallery-is-layout-flex\">\n<figure class=\"wp-block-image size-large\"><img loading=\"lazy\" decoding=\"async\" width=\"1024\" height=\"628\" data-id=\"223\" src=\"https:\/\/lappkees.dk\/wp-content\/uploads\/2023\/08\/cosmo2-1024x628.jpg\" alt=\"\" class=\"wp-image-223\" srcset=\"https:\/\/lappkees.dk\/wp-content\/uploads\/2023\/08\/cosmo2-1024x628.jpg 1024w, https:\/\/lappkees.dk\/wp-content\/uploads\/2023\/08\/cosmo2-300x184.jpg 300w, https:\/\/lappkees.dk\/wp-content\/uploads\/2023\/08\/cosmo2-768x471.jpg 768w, https:\/\/lappkees.dk\/wp-content\/uploads\/2023\/08\/cosmo2-1536x943.jpg 1536w, https:\/\/lappkees.dk\/wp-content\/uploads\/2023\/08\/cosmo2.jpg 1778w\" sizes=\"auto, (max-width: 1024px) 100vw, 1024px\" \/><\/figure>\n\n\n\n<figure class=\"wp-block-image size-large\"><img loading=\"lazy\" decoding=\"async\" width=\"1024\" height=\"752\" data-id=\"224\" src=\"https:\/\/lappkees.dk\/wp-content\/uploads\/2023\/08\/cosmo1-1024x752.jpg\" alt=\"\" class=\"wp-image-224\" srcset=\"https:\/\/lappkees.dk\/wp-content\/uploads\/2023\/08\/cosmo1-1024x752.jpg 1024w, https:\/\/lappkees.dk\/wp-content\/uploads\/2023\/08\/cosmo1-300x220.jpg 300w, https:\/\/lappkees.dk\/wp-content\/uploads\/2023\/08\/cosmo1-768x564.jpg 768w, https:\/\/lappkees.dk\/wp-content\/uploads\/2023\/08\/cosmo1-1536x1127.jpg 1536w, https:\/\/lappkees.dk\/wp-content\/uploads\/2023\/08\/cosmo1.jpg 1989w\" sizes=\"auto, (max-width: 1024px) 100vw, 1024px\" \/><\/figure>\n\n\n\n<figure class=\"wp-block-image size-large\"><img loading=\"lazy\" decoding=\"async\" width=\"720\" height=\"960\" data-id=\"225\" src=\"https:\/\/lappkees.dk\/wp-content\/uploads\/2023\/08\/cosmo4.jpg\" alt=\"\" class=\"wp-image-225\" srcset=\"https:\/\/lappkees.dk\/wp-content\/uploads\/2023\/08\/cosmo4.jpg 720w, https:\/\/lappkees.dk\/wp-content\/uploads\/2023\/08\/cosmo4-225x300.jpg 225w\" sizes=\"auto, (max-width: 720px) 100vw, 720px\" \/><\/figure>\n<\/figure>\n\n\n\n<p>LappKees Sharki aka Marley DK14183\/2019 &#8211; A southeasterly wind which sometimes blows in the Persian Gulf<\/p>\n\n\n\n<p><\/p>\n\n\n\n<figure class=\"wp-block-gallery has-nested-images columns-2 is-cropped wp-block-gallery-7 is-layout-flex wp-block-gallery-is-layout-flex\">\n<figure class=\"wp-block-image size-large\"><img loading=\"lazy\" decoding=\"async\" width=\"1024\" height=\"755\" data-id=\"226\" src=\"https:\/\/lappkees.dk\/wp-content\/uploads\/2023\/08\/marley2-1-1024x755.jpg\" alt=\"\" class=\"wp-image-226\" srcset=\"https:\/\/lappkees.dk\/wp-content\/uploads\/2023\/08\/marley2-1-1024x755.jpg 1024w, https:\/\/lappkees.dk\/wp-content\/uploads\/2023\/08\/marley2-1-300x221.jpg 300w, https:\/\/lappkees.dk\/wp-content\/uploads\/2023\/08\/marley2-1-768x566.jpg 768w, https:\/\/lappkees.dk\/wp-content\/uploads\/2023\/08\/marley2-1-1536x1132.jpg 1536w, https:\/\/lappkees.dk\/wp-content\/uploads\/2023\/08\/marley2-1.jpg 1779w\" sizes=\"auto, (max-width: 1024px) 100vw, 1024px\" \/><\/figure>\n\n\n\n<figure class=\"wp-block-image size-large\"><img loading=\"lazy\" decoding=\"async\" width=\"1024\" height=\"811\" data-id=\"227\" src=\"https:\/\/lappkees.dk\/wp-content\/uploads\/2023\/08\/marley1-1024x811.jpg\" alt=\"\" class=\"wp-image-227\" srcset=\"https:\/\/lappkees.dk\/wp-content\/uploads\/2023\/08\/marley1-1024x811.jpg 1024w, https:\/\/lappkees.dk\/wp-content\/uploads\/2023\/08\/marley1-300x238.jpg 300w, https:\/\/lappkees.dk\/wp-content\/uploads\/2023\/08\/marley1-768x608.jpg 768w, https:\/\/lappkees.dk\/wp-content\/uploads\/2023\/08\/marley1-1536x1216.jpg 1536w, https:\/\/lappkees.dk\/wp-content\/uploads\/2023\/08\/marley1.jpg 1667w\" sizes=\"auto, (max-width: 1024px) 100vw, 1024px\" \/><\/figure>\n\n\n\n<figure class=\"wp-block-image size-large\"><img loading=\"lazy\" decoding=\"async\" width=\"720\" height=\"960\" data-id=\"228\" src=\"https:\/\/lappkees.dk\/wp-content\/uploads\/2023\/08\/233650389_10226117565265614_4077078558822866114_n.jpg\" alt=\"\" class=\"wp-image-228\" srcset=\"https:\/\/lappkees.dk\/wp-content\/uploads\/2023\/08\/233650389_10226117565265614_4077078558822866114_n.jpg 720w, https:\/\/lappkees.dk\/wp-content\/uploads\/2023\/08\/233650389_10226117565265614_4077078558822866114_n-225x300.jpg 225w\" sizes=\"auto, (max-width: 720px) 100vw, 720px\" \/><\/figure>\n<\/figure>\n","protected":false},"excerpt":{"rendered":"<p>For\u00e6ldre er LappKees Ariel the mermaid DK14452\/2016 HD B\/C, AD 0, PRA og Pompes fri, \u00d8jenlyst med et enkelt ekstra \u00f8jenh\u00e5r ellers UA Buddha DK16602\/2012 HD A, PRA og Pompes fri, \u00d8jenlyst med PPM iris til iris (mild) LappKees Bentu de Soli DK14184\/2019 &#8211; An east wind on the coast of Sardinia LappKees Chinook DK14185\/2019 &hellip; <a href=\"https:\/\/lappkees.dk\/?page_id=209\" class=\"more-link\">L\u00e6s videre <span class=\"screen-reader-text\">Vindkuldet 19 f\u00f8dt d. 03.08.2019<\/span> <span class=\"meta-nav\">&rarr;<\/span><\/a><\/p>\n","protected":false},"author":1,"featured_media":232,"parent":0,"menu_order":0,"comment_status":"closed","ping_status":"closed","template":"","meta":{"footnotes":""},"class_list":["post-209","page","type-page","status-publish","has-post-thumbnail","hentry"],"_links":{"self":[{"href":"https:\/\/lappkees.dk\/index.php?rest_route=\/wp\/v2\/pages\/209","targetHints":{"allow":["GET"]}}],"collection":[{"href":"https:\/\/lappkees.dk\/index.php?rest_route=\/wp\/v2\/pages"}],"about":[{"href":"https:\/\/lappkees.dk\/index.php?rest_route=\/wp\/v2\/types\/page"}],"author":[{"embeddable":true,"href":"https:\/\/lappkees.dk\/index.php?rest_route=\/wp\/v2\/users\/1"}],"replies":[{"embeddable":true,"href":"https:\/\/lappkees.dk\/index.php?rest_route=%2Fwp%2Fv2%2Fcomments&post=209"}],"version-history":[{"count":9,"href":"https:\/\/lappkees.dk\/index.php?rest_route=\/wp\/v2\/pages\/209\/revisions"}],"predecessor-version":[{"id":303,"href":"https:\/\/lappkees.dk\/index.php?rest_route=\/wp\/v2\/pages\/209\/revisions\/303"}],"wp:featuredmedia":[{"embeddable":true,"href":"https:\/\/lappkees.dk\/index.php?rest_route=\/wp\/v2\/media\/232"}],"wp:attachment":[{"href":"https:\/\/lappkees.dk\/index.php?rest_route=%2Fwp%2Fv2%2Fmedia&parent=209"}],"curies":[{"name":"wp","href":"https:\/\/api.w.org\/{rel}","templated":true}]}}