{"id":181,"date":"2023-08-08T09:04:24","date_gmt":"2023-08-08T09:04:24","guid":{"rendered":"https:\/\/lappkees.dk\/?page_id=181"},"modified":"2023-08-08T15:41:56","modified_gmt":"2023-08-08T15:41:56","slug":"stjernekuldet-2018-foedt-d-14-9-18","status":"publish","type":"page","link":"https:\/\/lappkees.dk\/?page_id=181","title":{"rendered":"Stjernekuldet 2018 f\u00f8dt d. 14.9.18"},"content":{"rendered":"\n<p>For\u00e6ldre til stjernekuldet er Biegga <\/p>\n\n\n\n<p>Happy Lapp Diablo aka Daffi HD A, AD 0, PRA b\u00e6rer og Pompes fri \u00d8jenlyst tre gange UA<\/p>\n\n\n\n<p>LappKees Aquila aka Alaska &nbsp;DK16336\/2018<\/p>\n\n\n\n<figure class=\"wp-block-gallery has-nested-images columns-2 is-cropped wp-block-gallery-1 is-layout-flex wp-block-gallery-is-layout-flex\">\n<figure class=\"wp-block-image size-large\"><img loading=\"lazy\" decoding=\"async\" width=\"1024\" height=\"683\" data-id=\"182\" src=\"https:\/\/lappkees.dk\/wp-content\/uploads\/2023\/08\/Aquila1-1024x683.jpg\" alt=\"\" class=\"wp-image-182\" srcset=\"https:\/\/lappkees.dk\/wp-content\/uploads\/2023\/08\/Aquila1-1024x683.jpg 1024w, https:\/\/lappkees.dk\/wp-content\/uploads\/2023\/08\/Aquila1-300x200.jpg 300w, https:\/\/lappkees.dk\/wp-content\/uploads\/2023\/08\/Aquila1-768x512.jpg 768w, https:\/\/lappkees.dk\/wp-content\/uploads\/2023\/08\/Aquila1-1536x1024.jpg 1536w, https:\/\/lappkees.dk\/wp-content\/uploads\/2023\/08\/Aquila1.jpg 1929w\" sizes=\"auto, (max-width: 1024px) 100vw, 1024px\" \/><\/figure>\n\n\n\n<figure class=\"wp-block-image size-large\"><img loading=\"lazy\" decoding=\"async\" width=\"1024\" height=\"683\" data-id=\"183\" src=\"https:\/\/lappkees.dk\/wp-content\/uploads\/2023\/08\/aquila2-1024x683.jpg\" alt=\"\" class=\"wp-image-183\" srcset=\"https:\/\/lappkees.dk\/wp-content\/uploads\/2023\/08\/aquila2-1024x683.jpg 1024w, https:\/\/lappkees.dk\/wp-content\/uploads\/2023\/08\/aquila2-300x200.jpg 300w, https:\/\/lappkees.dk\/wp-content\/uploads\/2023\/08\/aquila2-768x512.jpg 768w, https:\/\/lappkees.dk\/wp-content\/uploads\/2023\/08\/aquila2-1536x1024.jpg 1536w, https:\/\/lappkees.dk\/wp-content\/uploads\/2023\/08\/aquila2.jpg 2048w\" sizes=\"auto, (max-width: 1024px) 100vw, 1024px\" \/><\/figure>\n\n\n\n<figure class=\"wp-block-image size-large\"><img loading=\"lazy\" decoding=\"async\" width=\"236\" height=\"315\" data-id=\"184\" src=\"https:\/\/lappkees.dk\/wp-content\/uploads\/2023\/08\/alaska.jpg\" alt=\"\" class=\"wp-image-184\" srcset=\"https:\/\/lappkees.dk\/wp-content\/uploads\/2023\/08\/alaska.jpg 236w, https:\/\/lappkees.dk\/wp-content\/uploads\/2023\/08\/alaska-225x300.jpg 225w\" sizes=\"auto, (max-width: 236px) 100vw, 236px\" \/><\/figure>\n<\/figure>\n\n\n\n<p>LappKees Capella aka Mika DK16337\/2018<\/p>\n\n\n\n<figure class=\"wp-block-gallery has-nested-images columns-2 is-cropped wp-block-gallery-2 is-layout-flex wp-block-gallery-is-layout-flex\">\n<figure class=\"wp-block-image size-large\"><img loading=\"lazy\" decoding=\"async\" width=\"1024\" height=\"683\" data-id=\"187\" src=\"https:\/\/lappkees.dk\/wp-content\/uploads\/2023\/08\/capella1-1024x683.jpg\" alt=\"\" class=\"wp-image-187\" srcset=\"https:\/\/lappkees.dk\/wp-content\/uploads\/2023\/08\/capella1-1024x683.jpg 1024w, https:\/\/lappkees.dk\/wp-content\/uploads\/2023\/08\/capella1-300x200.jpg 300w, https:\/\/lappkees.dk\/wp-content\/uploads\/2023\/08\/capella1-768x512.jpg 768w, https:\/\/lappkees.dk\/wp-content\/uploads\/2023\/08\/capella1-1536x1024.jpg 1536w, https:\/\/lappkees.dk\/wp-content\/uploads\/2023\/08\/capella1.jpg 2048w\" sizes=\"auto, (max-width: 1024px) 100vw, 1024px\" \/><\/figure>\n\n\n\n<figure class=\"wp-block-image size-large\"><img loading=\"lazy\" decoding=\"async\" width=\"1024\" height=\"683\" data-id=\"188\" src=\"https:\/\/lappkees.dk\/wp-content\/uploads\/2023\/08\/capella2-1024x683.jpg\" alt=\"\" class=\"wp-image-188\" srcset=\"https:\/\/lappkees.dk\/wp-content\/uploads\/2023\/08\/capella2-1024x683.jpg 1024w, https:\/\/lappkees.dk\/wp-content\/uploads\/2023\/08\/capella2-300x200.jpg 300w, https:\/\/lappkees.dk\/wp-content\/uploads\/2023\/08\/capella2-768x512.jpg 768w, https:\/\/lappkees.dk\/wp-content\/uploads\/2023\/08\/capella2-1536x1024.jpg 1536w, https:\/\/lappkees.dk\/wp-content\/uploads\/2023\/08\/capella2.jpg 2048w\" sizes=\"auto, (max-width: 1024px) 100vw, 1024px\" \/><\/figure>\n\n\n\n<figure class=\"wp-block-image size-large\"><img loading=\"lazy\" decoding=\"async\" width=\"444\" height=\"482\" data-id=\"189\" src=\"https:\/\/lappkees.dk\/wp-content\/uploads\/2023\/08\/mika.jpg\" alt=\"\" class=\"wp-image-189\" srcset=\"https:\/\/lappkees.dk\/wp-content\/uploads\/2023\/08\/mika.jpg 444w, https:\/\/lappkees.dk\/wp-content\/uploads\/2023\/08\/mika-276x300.jpg 276w\" sizes=\"auto, (max-width: 444px) 100vw, 444px\" \/><\/figure>\n<\/figure>\n\n\n\n<p>LappKees Casiopeia aka Cigga DK16338\/2018 &#8211; Cigga har f\u00e5et 4 hvalpe <\/p>\n\n\n\n<figure class=\"wp-block-gallery has-nested-images columns-2 is-cropped wp-block-gallery-3 is-layout-flex wp-block-gallery-is-layout-flex\">\n<figure class=\"wp-block-image size-large\"><img loading=\"lazy\" decoding=\"async\" width=\"1024\" height=\"683\" data-id=\"190\" src=\"https:\/\/lappkees.dk\/wp-content\/uploads\/2023\/08\/casiopeia1-1024x683.jpg\" alt=\"\" class=\"wp-image-190\" srcset=\"https:\/\/lappkees.dk\/wp-content\/uploads\/2023\/08\/casiopeia1-1024x683.jpg 1024w, https:\/\/lappkees.dk\/wp-content\/uploads\/2023\/08\/casiopeia1-300x200.jpg 300w, https:\/\/lappkees.dk\/wp-content\/uploads\/2023\/08\/casiopeia1-768x512.jpg 768w, https:\/\/lappkees.dk\/wp-content\/uploads\/2023\/08\/casiopeia1-1536x1024.jpg 1536w, https:\/\/lappkees.dk\/wp-content\/uploads\/2023\/08\/casiopeia1.jpg 2048w\" sizes=\"auto, (max-width: 1024px) 100vw, 1024px\" \/><\/figure>\n\n\n\n<figure class=\"wp-block-image size-large\"><img loading=\"lazy\" decoding=\"async\" width=\"1024\" height=\"683\" data-id=\"191\" src=\"https:\/\/lappkees.dk\/wp-content\/uploads\/2023\/08\/casiopeia2-1024x683.jpg\" alt=\"\" class=\"wp-image-191\" srcset=\"https:\/\/lappkees.dk\/wp-content\/uploads\/2023\/08\/casiopeia2-1024x683.jpg 1024w, https:\/\/lappkees.dk\/wp-content\/uploads\/2023\/08\/casiopeia2-300x200.jpg 300w, https:\/\/lappkees.dk\/wp-content\/uploads\/2023\/08\/casiopeia2-768x512.jpg 768w, https:\/\/lappkees.dk\/wp-content\/uploads\/2023\/08\/casiopeia2-1536x1024.jpg 1536w, https:\/\/lappkees.dk\/wp-content\/uploads\/2023\/08\/casiopeia2.jpg 2048w\" sizes=\"auto, (max-width: 1024px) 100vw, 1024px\" \/><\/figure>\n\n\n\n<figure class=\"wp-block-image size-large\"><img loading=\"lazy\" decoding=\"async\" width=\"1024\" height=\"683\" data-id=\"245\" src=\"https:\/\/lappkees.dk\/wp-content\/uploads\/2023\/08\/309911530_10226693191529419_100005330907673732_n-1024x683.jpg\" alt=\"\" class=\"wp-image-245\" srcset=\"https:\/\/lappkees.dk\/wp-content\/uploads\/2023\/08\/309911530_10226693191529419_100005330907673732_n-1024x683.jpg 1024w, https:\/\/lappkees.dk\/wp-content\/uploads\/2023\/08\/309911530_10226693191529419_100005330907673732_n-300x200.jpg 300w, https:\/\/lappkees.dk\/wp-content\/uploads\/2023\/08\/309911530_10226693191529419_100005330907673732_n-768x512.jpg 768w, https:\/\/lappkees.dk\/wp-content\/uploads\/2023\/08\/309911530_10226693191529419_100005330907673732_n.jpg 1440w\" sizes=\"auto, (max-width: 1024px) 100vw, 1024px\" \/><\/figure>\n<\/figure>\n\n\n\n<p>LappKees Hercules aka Sven DK16335\/2018<\/p>\n\n\n\n<figure class=\"wp-block-gallery has-nested-images columns-2 is-cropped wp-block-gallery-4 is-layout-flex wp-block-gallery-is-layout-flex\">\n<figure class=\"wp-block-image size-large\"><img loading=\"lazy\" decoding=\"async\" width=\"1024\" height=\"683\" data-id=\"193\" src=\"https:\/\/lappkees.dk\/wp-content\/uploads\/2023\/08\/Hercules-1024x683.jpg\" alt=\"\" class=\"wp-image-193\" srcset=\"https:\/\/lappkees.dk\/wp-content\/uploads\/2023\/08\/Hercules-1024x683.jpg 1024w, https:\/\/lappkees.dk\/wp-content\/uploads\/2023\/08\/Hercules-300x200.jpg 300w, https:\/\/lappkees.dk\/wp-content\/uploads\/2023\/08\/Hercules-768x512.jpg 768w, https:\/\/lappkees.dk\/wp-content\/uploads\/2023\/08\/Hercules-1536x1024.jpg 1536w, https:\/\/lappkees.dk\/wp-content\/uploads\/2023\/08\/Hercules.jpg 1929w\" sizes=\"auto, (max-width: 1024px) 100vw, 1024px\" \/><\/figure>\n\n\n\n<figure class=\"wp-block-image size-large\"><img loading=\"lazy\" decoding=\"async\" width=\"1024\" height=\"683\" data-id=\"194\" src=\"https:\/\/lappkees.dk\/wp-content\/uploads\/2023\/08\/hercules2-1024x683.jpg\" alt=\"\" class=\"wp-image-194\" srcset=\"https:\/\/lappkees.dk\/wp-content\/uploads\/2023\/08\/hercules2-1024x683.jpg 1024w, https:\/\/lappkees.dk\/wp-content\/uploads\/2023\/08\/hercules2-300x200.jpg 300w, https:\/\/lappkees.dk\/wp-content\/uploads\/2023\/08\/hercules2-768x512.jpg 768w, https:\/\/lappkees.dk\/wp-content\/uploads\/2023\/08\/hercules2-1536x1024.jpg 1536w, https:\/\/lappkees.dk\/wp-content\/uploads\/2023\/08\/hercules2.jpg 2048w\" sizes=\"auto, (max-width: 1024px) 100vw, 1024px\" \/><\/figure>\n\n\n\n<figure class=\"wp-block-image size-large\"><img loading=\"lazy\" decoding=\"async\" width=\"1024\" height=\"1024\" data-id=\"195\" src=\"https:\/\/lappkees.dk\/wp-content\/uploads\/2023\/08\/sven2-1024x1024.jpg\" alt=\"\" class=\"wp-image-195\" srcset=\"https:\/\/lappkees.dk\/wp-content\/uploads\/2023\/08\/sven2-1024x1024.jpg 1024w, https:\/\/lappkees.dk\/wp-content\/uploads\/2023\/08\/sven2-300x300.jpg 300w, https:\/\/lappkees.dk\/wp-content\/uploads\/2023\/08\/sven2-150x150.jpg 150w, https:\/\/lappkees.dk\/wp-content\/uploads\/2023\/08\/sven2-768x768.jpg 768w, https:\/\/lappkees.dk\/wp-content\/uploads\/2023\/08\/sven2-1536x1536.jpg 1536w, https:\/\/lappkees.dk\/wp-content\/uploads\/2023\/08\/sven2.jpg 2048w\" sizes=\"auto, (max-width: 1024px) 100vw, 1024px\" \/><\/figure>\n<\/figure>\n\n\n\n<p>LappKees Taurus aka Coda DK16333\/2018<\/p>\n\n\n\n<figure class=\"wp-block-gallery has-nested-images columns-2 is-cropped wp-block-gallery-5 is-layout-flex wp-block-gallery-is-layout-flex\">\n<figure class=\"wp-block-image size-large\"><img loading=\"lazy\" decoding=\"async\" width=\"1024\" height=\"683\" data-id=\"196\" src=\"https:\/\/lappkees.dk\/wp-content\/uploads\/2023\/08\/Taurus1-1024x683.jpg\" alt=\"\" class=\"wp-image-196\" srcset=\"https:\/\/lappkees.dk\/wp-content\/uploads\/2023\/08\/Taurus1-1024x683.jpg 1024w, https:\/\/lappkees.dk\/wp-content\/uploads\/2023\/08\/Taurus1-300x200.jpg 300w, https:\/\/lappkees.dk\/wp-content\/uploads\/2023\/08\/Taurus1-768x512.jpg 768w, https:\/\/lappkees.dk\/wp-content\/uploads\/2023\/08\/Taurus1-1536x1024.jpg 1536w, https:\/\/lappkees.dk\/wp-content\/uploads\/2023\/08\/Taurus1.jpg 2048w\" sizes=\"auto, (max-width: 1024px) 100vw, 1024px\" \/><\/figure>\n\n\n\n<figure class=\"wp-block-image size-large\"><img loading=\"lazy\" decoding=\"async\" width=\"1024\" height=\"683\" data-id=\"197\" src=\"https:\/\/lappkees.dk\/wp-content\/uploads\/2023\/08\/Taurus2-1024x683.jpg\" alt=\"\" class=\"wp-image-197\" srcset=\"https:\/\/lappkees.dk\/wp-content\/uploads\/2023\/08\/Taurus2-1024x683.jpg 1024w, https:\/\/lappkees.dk\/wp-content\/uploads\/2023\/08\/Taurus2-300x200.jpg 300w, https:\/\/lappkees.dk\/wp-content\/uploads\/2023\/08\/Taurus2-768x512.jpg 768w, https:\/\/lappkees.dk\/wp-content\/uploads\/2023\/08\/Taurus2-1536x1024.jpg 1536w, https:\/\/lappkees.dk\/wp-content\/uploads\/2023\/08\/Taurus2.jpg 2048w\" sizes=\"auto, (max-width: 1024px) 100vw, 1024px\" \/><\/figure>\n\n\n\n<figure class=\"wp-block-image size-full\"><img loading=\"lazy\" decoding=\"async\" width=\"640\" height=\"666\" data-id=\"251\" src=\"https:\/\/lappkees.dk\/wp-content\/uploads\/2023\/08\/365133260_1775201209582190_3263799950195654280_n.jpg\" alt=\"\" class=\"wp-image-251\" srcset=\"https:\/\/lappkees.dk\/wp-content\/uploads\/2023\/08\/365133260_1775201209582190_3263799950195654280_n.jpg 640w, https:\/\/lappkees.dk\/wp-content\/uploads\/2023\/08\/365133260_1775201209582190_3263799950195654280_n-288x300.jpg 288w\" sizes=\"auto, (max-width: 640px) 100vw, 640px\" \/><\/figure>\n<\/figure>\n\n\n\n<p>LappKees Pegasus aka Aslak DK16332\/2018<\/p>\n\n\n\n<figure class=\"wp-block-gallery has-nested-images columns-2 is-cropped wp-block-gallery-6 is-layout-flex wp-block-gallery-is-layout-flex\">\n<figure class=\"wp-block-image size-large\"><img loading=\"lazy\" decoding=\"async\" width=\"1024\" height=\"683\" data-id=\"200\" src=\"https:\/\/lappkees.dk\/wp-content\/uploads\/2023\/08\/pegasus1-1024x683.jpg\" alt=\"\" class=\"wp-image-200\" srcset=\"https:\/\/lappkees.dk\/wp-content\/uploads\/2023\/08\/pegasus1-1024x683.jpg 1024w, https:\/\/lappkees.dk\/wp-content\/uploads\/2023\/08\/pegasus1-300x200.jpg 300w, https:\/\/lappkees.dk\/wp-content\/uploads\/2023\/08\/pegasus1-768x512.jpg 768w, https:\/\/lappkees.dk\/wp-content\/uploads\/2023\/08\/pegasus1-1536x1024.jpg 1536w, https:\/\/lappkees.dk\/wp-content\/uploads\/2023\/08\/pegasus1.jpg 2048w\" sizes=\"auto, (max-width: 1024px) 100vw, 1024px\" \/><\/figure>\n\n\n\n<figure class=\"wp-block-image size-large\"><img loading=\"lazy\" decoding=\"async\" width=\"1024\" height=\"683\" data-id=\"201\" src=\"https:\/\/lappkees.dk\/wp-content\/uploads\/2023\/08\/pegasus2-1024x683.jpg\" alt=\"\" class=\"wp-image-201\" srcset=\"https:\/\/lappkees.dk\/wp-content\/uploads\/2023\/08\/pegasus2-1024x683.jpg 1024w, https:\/\/lappkees.dk\/wp-content\/uploads\/2023\/08\/pegasus2-300x200.jpg 300w, https:\/\/lappkees.dk\/wp-content\/uploads\/2023\/08\/pegasus2-768x512.jpg 768w, https:\/\/lappkees.dk\/wp-content\/uploads\/2023\/08\/pegasus2-1536x1024.jpg 1536w, https:\/\/lappkees.dk\/wp-content\/uploads\/2023\/08\/pegasus2.jpg 1761w\" sizes=\"auto, (max-width: 1024px) 100vw, 1024px\" \/><\/figure>\n\n\n\n<figure class=\"wp-block-image size-large\"><img loading=\"lazy\" decoding=\"async\" width=\"768\" height=\"1024\" data-id=\"202\" src=\"https:\/\/lappkees.dk\/wp-content\/uploads\/2023\/08\/aslak.jpg\" alt=\"\" class=\"wp-image-202\" srcset=\"https:\/\/lappkees.dk\/wp-content\/uploads\/2023\/08\/aslak.jpg 768w, https:\/\/lappkees.dk\/wp-content\/uploads\/2023\/08\/aslak-225x300.jpg 225w\" sizes=\"auto, (max-width: 768px) 100vw, 768px\" \/><\/figure>\n<\/figure>\n\n\n\n<p>LappKees Pavo DK16334\/2018 &#8211; Pavo har indtil videre hvalpe i Australien<\/p>\n\n\n\n<figure class=\"wp-block-gallery has-nested-images columns-2 is-cropped wp-block-gallery-7 is-layout-flex wp-block-gallery-is-layout-flex\">\n<figure class=\"wp-block-image size-large\"><img loading=\"lazy\" decoding=\"async\" width=\"1024\" height=\"683\" data-id=\"203\" src=\"https:\/\/lappkees.dk\/wp-content\/uploads\/2023\/08\/Pavo1-1024x683.jpg\" alt=\"\" class=\"wp-image-203\" srcset=\"https:\/\/lappkees.dk\/wp-content\/uploads\/2023\/08\/Pavo1-1024x683.jpg 1024w, https:\/\/lappkees.dk\/wp-content\/uploads\/2023\/08\/Pavo1-300x200.jpg 300w, https:\/\/lappkees.dk\/wp-content\/uploads\/2023\/08\/Pavo1-768x512.jpg 768w, https:\/\/lappkees.dk\/wp-content\/uploads\/2023\/08\/Pavo1-1536x1025.jpg 1536w, https:\/\/lappkees.dk\/wp-content\/uploads\/2023\/08\/Pavo1.jpg 1905w\" sizes=\"auto, (max-width: 1024px) 100vw, 1024px\" \/><\/figure>\n\n\n\n<figure class=\"wp-block-image size-large\"><img loading=\"lazy\" decoding=\"async\" width=\"1024\" height=\"683\" data-id=\"204\" src=\"https:\/\/lappkees.dk\/wp-content\/uploads\/2023\/08\/pavo2-1024x683.jpg\" alt=\"\" class=\"wp-image-204\" srcset=\"https:\/\/lappkees.dk\/wp-content\/uploads\/2023\/08\/pavo2-1024x683.jpg 1024w, https:\/\/lappkees.dk\/wp-content\/uploads\/2023\/08\/pavo2-300x200.jpg 300w, https:\/\/lappkees.dk\/wp-content\/uploads\/2023\/08\/pavo2-768x512.jpg 768w, https:\/\/lappkees.dk\/wp-content\/uploads\/2023\/08\/pavo2-1536x1024.jpg 1536w, https:\/\/lappkees.dk\/wp-content\/uploads\/2023\/08\/pavo2.jpg 2048w\" sizes=\"auto, (max-width: 1024px) 100vw, 1024px\" \/><\/figure>\n\n\n\n<figure class=\"wp-block-image size-large\"><img loading=\"lazy\" decoding=\"async\" width=\"1024\" height=\"772\" data-id=\"205\" src=\"https:\/\/lappkees.dk\/wp-content\/uploads\/2023\/08\/pavo-1024x772.jpg\" alt=\"\" class=\"wp-image-205\" srcset=\"https:\/\/lappkees.dk\/wp-content\/uploads\/2023\/08\/pavo-1024x772.jpg 1024w, https:\/\/lappkees.dk\/wp-content\/uploads\/2023\/08\/pavo-300x226.jpg 300w, https:\/\/lappkees.dk\/wp-content\/uploads\/2023\/08\/pavo-768x579.jpg 768w, https:\/\/lappkees.dk\/wp-content\/uploads\/2023\/08\/pavo-1536x1158.jpg 1536w, https:\/\/lappkees.dk\/wp-content\/uploads\/2023\/08\/pavo.jpg 2048w\" sizes=\"auto, (max-width: 1024px) 100vw, 1024px\" \/><\/figure>\n<\/figure>\n","protected":false},"excerpt":{"rendered":"<p>For\u00e6ldre til stjernekuldet er Biegga Happy Lapp Diablo aka Daffi HD A, AD 0, PRA b\u00e6rer og Pompes fri \u00d8jenlyst tre gange UA LappKees Aquila aka Alaska &nbsp;DK16336\/2018 LappKees Capella aka Mika DK16337\/2018 LappKees Casiopeia aka Cigga DK16338\/2018 &#8211; Cigga har f\u00e5et 4 hvalpe LappKees Hercules aka Sven DK16335\/2018 LappKees Taurus aka Coda DK16333\/2018 LappKees &hellip; <a href=\"https:\/\/lappkees.dk\/?page_id=181\" class=\"more-link\">L\u00e6s videre <span class=\"screen-reader-text\">Stjernekuldet 2018 f\u00f8dt d. 14.9.18<\/span> <span class=\"meta-nav\">&rarr;<\/span><\/a><\/p>\n","protected":false},"author":1,"featured_media":207,"parent":0,"menu_order":0,"comment_status":"closed","ping_status":"closed","template":"","meta":{"footnotes":""},"class_list":["post-181","page","type-page","status-publish","has-post-thumbnail","hentry"],"_links":{"self":[{"href":"https:\/\/lappkees.dk\/index.php?rest_route=\/wp\/v2\/pages\/181","targetHints":{"allow":["GET"]}}],"collection":[{"href":"https:\/\/lappkees.dk\/index.php?rest_route=\/wp\/v2\/pages"}],"about":[{"href":"https:\/\/lappkees.dk\/index.php?rest_route=\/wp\/v2\/types\/page"}],"author":[{"embeddable":true,"href":"https:\/\/lappkees.dk\/index.php?rest_route=\/wp\/v2\/users\/1"}],"replies":[{"embeddable":true,"href":"https:\/\/lappkees.dk\/index.php?rest_route=%2Fwp%2Fv2%2Fcomments&post=181"}],"version-history":[{"count":5,"href":"https:\/\/lappkees.dk\/index.php?rest_route=\/wp\/v2\/pages\/181\/revisions"}],"predecessor-version":[{"id":252,"href":"https:\/\/lappkees.dk\/index.php?rest_route=\/wp\/v2\/pages\/181\/revisions\/252"}],"wp:featuredmedia":[{"embeddable":true,"href":"https:\/\/lappkees.dk\/index.php?rest_route=\/wp\/v2\/media\/207"}],"wp:attachment":[{"href":"https:\/\/lappkees.dk\/index.php?rest_route=%2Fwp%2Fv2%2Fmedia&parent=181"}],"curies":[{"name":"wp","href":"https:\/\/api.w.org\/{rel}","templated":true}]}}