{"id":16,"date":"2023-05-29T20:06:57","date_gmt":"2023-05-29T20:06:57","guid":{"rendered":"https:\/\/lappkees.dk\/wordpress\/?page_id=16"},"modified":"2026-01-26T20:31:16","modified_gmt":"2026-01-26T20:31:16","slug":"avls-taever","status":"publish","type":"page","link":"https:\/\/lappkees.dk\/?page_id=16","title":{"rendered":"Avls t\u00e6ver"},"content":{"rendered":"\n<p>Jeg opdatere denne side efterh\u00e5nden som jeg ved om mine t\u00e6ver indg\u00e5r i avl.<\/p>\n\n\n\n<p>De vil blive vist i forhold til alder. S\u00e5 n\u00e5r de ikke l\u00e6ngere kan indg\u00e5 i avl pga alder, s\u00e5 bliver de fjernet fra denne side. Jeg har allerede lagt planer for b\u00e5de Meri og Vigga\u00b4s f\u00f8rste par parringer. S\u00e5 krydser fingre for at alt g\u00e5r som det skal. Jeg kommer til at beholde en hvalp fra de tre avlst\u00e6ver hvis da der bliver lavet nogle kombinationer som jeg \u00f8nsker skal indg\u00e5 i fremtidig avl af racen. Selv vil jeg efter det nedjustere egne hunde herhjemme naturligt. <\/p>\n\n\n\n<p><strong>LappKees Meri<\/strong> er min n\u00e6ste avlst\u00e6ve. Hun vil indg\u00e5 i avl ultimo 23 og jeg gl\u00e6der mig til at se hvad hun kan lave. <\/p>\n\n\n\n<div class=\"wp-block-media-text alignwide is-stacked-on-mobile\"><figure class=\"wp-block-media-text__media\"><img loading=\"lazy\" decoding=\"async\" width=\"1024\" height=\"768\" src=\"https:\/\/lappkees.dk\/wp-content\/uploads\/2023\/05\/27A2917-1024x768.jpg\" alt=\"\" class=\"wp-image-66 size-full\" srcset=\"https:\/\/lappkees.dk\/wp-content\/uploads\/2023\/05\/27A2917-1024x768.jpg 1024w, https:\/\/lappkees.dk\/wp-content\/uploads\/2023\/05\/27A2917-300x225.jpg 300w, https:\/\/lappkees.dk\/wp-content\/uploads\/2023\/05\/27A2917-768x576.jpg 768w, https:\/\/lappkees.dk\/wp-content\/uploads\/2023\/05\/27A2917-1536x1152.jpg 1536w, https:\/\/lappkees.dk\/wp-content\/uploads\/2023\/05\/27A2917.jpg 1593w\" sizes=\"auto, (max-width: 1024px) 100vw, 1024px\" \/><\/figure><div class=\"wp-block-media-text__content\">\n<p><a href=\"https:\/\/finnishlapphund.breedarchive.com\/animal\/view\/lappkees-meri-123cc63f-91fe-4d8e-a51a-e70178fc2a67\">https:\/\/finnishlapphund.breedarchive.com\/animal\/view\/lappkees-meri-123cc63f-91fe-4d8e-a51a-e70178fc2a67<\/a><\/p>\n<\/div><\/div>\n\n\n\n<p><strong>Vigga<\/strong> er datter af min avlshan Saljo. Hun er ikke f\u00f8dt her, men indgik i betaling af brug af Saljo. Hun vil indg\u00e5 i avl i 24. <\/p>\n\n\n\n<div class=\"wp-block-media-text alignwide is-stacked-on-mobile\"><figure class=\"wp-block-media-text__media\"><img loading=\"lazy\" decoding=\"async\" width=\"1024\" height=\"683\" src=\"https:\/\/lappkees.dk\/wp-content\/uploads\/2023\/05\/27A3722-1024x683.jpg\" alt=\"\" class=\"wp-image-67 size-full\" srcset=\"https:\/\/lappkees.dk\/wp-content\/uploads\/2023\/05\/27A3722-1024x683.jpg 1024w, https:\/\/lappkees.dk\/wp-content\/uploads\/2023\/05\/27A3722-300x200.jpg 300w, https:\/\/lappkees.dk\/wp-content\/uploads\/2023\/05\/27A3722-768x512.jpg 768w, https:\/\/lappkees.dk\/wp-content\/uploads\/2023\/05\/27A3722-1536x1024.jpg 1536w, https:\/\/lappkees.dk\/wp-content\/uploads\/2023\/05\/27A3722-2048x1365.jpg 2048w\" sizes=\"auto, (max-width: 1024px) 100vw, 1024px\" \/><\/figure><div class=\"wp-block-media-text__content\">\n<p><a href=\"https:\/\/finnishlapphund.breedarchive.com\/animal\/view\/vigga-802b62e4-ad48-437d-87be-0d4225586a6f\">https:\/\/finnishlapphund.breedarchive.com\/animal\/view\/vigga-802b62e4-ad48-437d-87be-0d4225586a6f<\/a><\/p>\n<\/div><\/div>\n\n\n\n<p><strong>Twiga <\/strong>aka Zuri er datter af en af mine hvalpe LappKees Casiopeia aka Cigga (bror til min Pavo). Cigga fik et kuld og jeg k\u00f8bte Zuri som s\u00e5 er udstationeret i familien.  Zuri bor med sin mor i Stavtrup til daglig, men vil hvis alt g\u00e5r vel og sundhedsunders\u00f8gelser tillader det, indg\u00e5 i avl i 25. <\/p>\n\n\n\n<div class=\"wp-block-media-text alignwide is-stacked-on-mobile\"><figure class=\"wp-block-media-text__media\"><img loading=\"lazy\" decoding=\"async\" width=\"768\" height=\"1024\" src=\"https:\/\/lappkees.dk\/wp-content\/uploads\/2023\/05\/350124886_793735178774308_6292197071642482040_n-768x1024.jpg\" alt=\"\" class=\"wp-image-68 size-full\" srcset=\"https:\/\/lappkees.dk\/wp-content\/uploads\/2023\/05\/350124886_793735178774308_6292197071642482040_n-768x1024.jpg 768w, https:\/\/lappkees.dk\/wp-content\/uploads\/2023\/05\/350124886_793735178774308_6292197071642482040_n-225x300.jpg 225w, https:\/\/lappkees.dk\/wp-content\/uploads\/2023\/05\/350124886_793735178774308_6292197071642482040_n-1152x1536.jpg 1152w, https:\/\/lappkees.dk\/wp-content\/uploads\/2023\/05\/350124886_793735178774308_6292197071642482040_n.jpg 1536w\" sizes=\"auto, (max-width: 768px) 100vw, 768px\" \/><\/figure><div class=\"wp-block-media-text__content\">\n<p><a href=\"https:\/\/finnishlapphund.breedarchive.com\/animal\/view\/twiga-af64ef71-5f0e-4a81-95ff-7c5c981aef39\">https:\/\/finnishlapphund.breedarchive.com\/animal\/view\/twiga-af64ef71-5f0e-4a81-95ff-7c5c981aef39<\/a><\/p>\n<\/div><\/div>\n\n\n\n<p>Penni har jeg hentet i Sverige for at kunne bruge en op imod egne hanner. Hun er HD fotograferet og \u00f8jenlyst og vil indg\u00e5 i avl n\u00e5r hun er gammel nok. <\/p>\n\n\n\n<div class=\"wp-block-media-text is-stacked-on-mobile\"><figure class=\"wp-block-media-text__media\"><img loading=\"lazy\" decoding=\"async\" width=\"1024\" height=\"683\" src=\"https:\/\/lappkees.dk\/wp-content\/uploads\/2025\/12\/027A2099-1024x683.jpg\" alt=\"\" class=\"wp-image-471 size-full\" srcset=\"https:\/\/lappkees.dk\/wp-content\/uploads\/2025\/12\/027A2099-1024x683.jpg 1024w, https:\/\/lappkees.dk\/wp-content\/uploads\/2025\/12\/027A2099-300x200.jpg 300w, https:\/\/lappkees.dk\/wp-content\/uploads\/2025\/12\/027A2099-768x512.jpg 768w, https:\/\/lappkees.dk\/wp-content\/uploads\/2025\/12\/027A2099-1536x1024.jpg 1536w, https:\/\/lappkees.dk\/wp-content\/uploads\/2025\/12\/027A2099-2048x1365.jpg 2048w\" sizes=\"auto, (max-width: 1024px) 100vw, 1024px\" \/><\/figure><div class=\"wp-block-media-text__content\">\n<p><a href=\"https:\/\/finnishlapphund.breedarchive.com\/animal\/view\/worlds-wildest-peaceful-penelope-bbb92e35-7f71-4dab-861d-f56fff89d6c3\">https:\/\/finnishlapphund.breedarchive.com\/animal\/view\/worlds-wildest-peaceful-penelope-bbb92e35-7f71-4dab-861d-f56fff89d6c3<\/a><\/p>\n<\/div><\/div>\n\n\n\n<p><strong>Pensioneret avlst\u00e6ver<\/strong>:<\/p>\n\n\n\n<p><strong>LappKees Ariel the mermaid<\/strong> aka Ariel er pensioneret avlst\u00e6ve. Ariel bliver 10 \u00e5r i 26 og er ved at v\u00e6re en \u00e6ldre pige. Hun bor til dagligt hos Britta og Arne. <\/p>\n\n\n\n<div class=\"wp-block-media-text is-stacked-on-mobile\"><figure class=\"wp-block-media-text__media\"><img loading=\"lazy\" decoding=\"async\" width=\"1024\" height=\"711\" src=\"https:\/\/lappkees.dk\/wp-content\/uploads\/2026\/01\/490755219_10233984759974073_6220927493652672431_n-1024x711.jpg\" alt=\"\" class=\"wp-image-489 size-full\" srcset=\"https:\/\/lappkees.dk\/wp-content\/uploads\/2026\/01\/490755219_10233984759974073_6220927493652672431_n-1024x711.jpg 1024w, https:\/\/lappkees.dk\/wp-content\/uploads\/2026\/01\/490755219_10233984759974073_6220927493652672431_n-300x208.jpg 300w, https:\/\/lappkees.dk\/wp-content\/uploads\/2026\/01\/490755219_10233984759974073_6220927493652672431_n-768x533.jpg 768w, https:\/\/lappkees.dk\/wp-content\/uploads\/2026\/01\/490755219_10233984759974073_6220927493652672431_n-1536x1066.jpg 1536w, https:\/\/lappkees.dk\/wp-content\/uploads\/2026\/01\/490755219_10233984759974073_6220927493652672431_n.jpg 2048w\" sizes=\"auto, (max-width: 1024px) 100vw, 1024px\" \/><\/figure><div class=\"wp-block-media-text__content\">\n<p><\/p>\n<\/div><\/div>\n\n\n\n<p>Vallarj\u00e4ntans Biegga er min stammor og ligger bagved alle mine hvalpe. Hun er starten p\u00e5 mit eventyr med Lapphunde opdr\u00e6t og er en utrolig sk\u00f8n t\u00e6ve. Jeg hentede hende for ca. 12 \u00e5r siden i Sverige og har aldrig fortrudt det.<\/p>\n\n\n\n<div class=\"wp-block-media-text is-stacked-on-mobile\"><figure class=\"wp-block-media-text__media\"><img loading=\"lazy\" decoding=\"async\" width=\"1024\" height=\"683\" src=\"https:\/\/lappkees.dk\/wp-content\/uploads\/2026\/01\/027A7859-1024x683.jpg\" alt=\"\" class=\"wp-image-490 size-full\" srcset=\"https:\/\/lappkees.dk\/wp-content\/uploads\/2026\/01\/027A7859-1024x683.jpg 1024w, https:\/\/lappkees.dk\/wp-content\/uploads\/2026\/01\/027A7859-300x200.jpg 300w, https:\/\/lappkees.dk\/wp-content\/uploads\/2026\/01\/027A7859-768x512.jpg 768w, https:\/\/lappkees.dk\/wp-content\/uploads\/2026\/01\/027A7859-1536x1024.jpg 1536w, https:\/\/lappkees.dk\/wp-content\/uploads\/2026\/01\/027A7859-2048x1365.jpg 2048w\" sizes=\"auto, (max-width: 1024px) 100vw, 1024px\" \/><\/figure><div class=\"wp-block-media-text__content\">\n<p>Biegga fylder 12 \u00e5r d. 29.1.26<\/p>\n<\/div><\/div>\n","protected":false},"excerpt":{"rendered":"<p>Jeg opdatere denne side efterh\u00e5nden som jeg ved om mine t\u00e6ver indg\u00e5r i avl. De vil blive vist i forhold til alder. S\u00e5 n\u00e5r de ikke l\u00e6ngere kan indg\u00e5 i avl pga alder, s\u00e5 bliver de fjernet fra denne side. Jeg har allerede lagt planer for b\u00e5de Meri og Vigga\u00b4s f\u00f8rste par parringer. S\u00e5 krydser &hellip; <a href=\"https:\/\/lappkees.dk\/?page_id=16\" class=\"more-link\">L\u00e6s videre <span class=\"screen-reader-text\">Avls t\u00e6ver<\/span> <span class=\"meta-nav\">&rarr;<\/span><\/a><\/p>\n","protected":false},"author":1,"featured_media":0,"parent":0,"menu_order":0,"comment_status":"closed","ping_status":"closed","template":"","meta":{"footnotes":""},"class_list":["post-16","page","type-page","status-publish","hentry"],"_links":{"self":[{"href":"https:\/\/lappkees.dk\/index.php?rest_route=\/wp\/v2\/pages\/16","targetHints":{"allow":["GET"]}}],"collection":[{"href":"https:\/\/lappkees.dk\/index.php?rest_route=\/wp\/v2\/pages"}],"about":[{"href":"https:\/\/lappkees.dk\/index.php?rest_route=\/wp\/v2\/types\/page"}],"author":[{"embeddable":true,"href":"https:\/\/lappkees.dk\/index.php?rest_route=\/wp\/v2\/users\/1"}],"replies":[{"embeddable":true,"href":"https:\/\/lappkees.dk\/index.php?rest_route=%2Fwp%2Fv2%2Fcomments&post=16"}],"version-history":[{"count":9,"href":"https:\/\/lappkees.dk\/index.php?rest_route=\/wp\/v2\/pages\/16\/revisions"}],"predecessor-version":[{"id":491,"href":"https:\/\/lappkees.dk\/index.php?rest_route=\/wp\/v2\/pages\/16\/revisions\/491"}],"wp:attachment":[{"href":"https:\/\/lappkees.dk\/index.php?rest_route=%2Fwp%2Fv2%2Fmedia&parent=16"}],"curies":[{"name":"wp","href":"https:\/\/api.w.org\/{rel}","templated":true}]}}