{"id":158,"date":"2023-08-07T14:42:17","date_gmt":"2023-08-07T14:42:17","guid":{"rendered":"https:\/\/lappkees.dk\/?page_id=158"},"modified":"2023-08-07T15:14:06","modified_gmt":"2023-08-07T15:14:06","slug":"eagles-kuldet-2017-foedt-d-21-08-17","status":"publish","type":"page","link":"https:\/\/lappkees.dk\/?page_id=158","title":{"rendered":"Eagles Kuldet 2017 f\u00f8dt d. 21.08.17"},"content":{"rendered":"\n<p>Mor Vallar\u00e4ntans Biegga &#8211; beskrevet under Disney kuldet<\/p>\n\n\n\n<p> far Lappehiests Frimodige Falco Sam NO48705\/11 HD B, PRA og Pompes fri, \u00d8jenlyst 16 UA<\/p>\n\n\n\n<p>Ingen fra Eagles kuldet er g\u00e5et videre i avl af forskellige \u00e5rsager<\/p>\n\n\n\n<p>LappKees Best of my love DK14689\/2017  aka Marley<\/p>\n\n\n\n<figure class=\"wp-block-gallery has-nested-images columns-default is-cropped wp-block-gallery-1 is-layout-flex wp-block-gallery-is-layout-flex\">\n<figure class=\"wp-block-image size-large\"><img loading=\"lazy\" decoding=\"async\" width=\"1024\" height=\"683\" data-id=\"160\" src=\"https:\/\/lappkees.dk\/wp-content\/uploads\/2023\/08\/marley-1024x683.jpg\" alt=\"\" class=\"wp-image-160\" srcset=\"https:\/\/lappkees.dk\/wp-content\/uploads\/2023\/08\/marley-1024x683.jpg 1024w, https:\/\/lappkees.dk\/wp-content\/uploads\/2023\/08\/marley-300x200.jpg 300w, https:\/\/lappkees.dk\/wp-content\/uploads\/2023\/08\/marley-768x512.jpg 768w, https:\/\/lappkees.dk\/wp-content\/uploads\/2023\/08\/marley.jpg 1296w\" sizes=\"auto, (max-width: 1024px) 100vw, 1024px\" \/><\/figure>\n\n\n\n<figure class=\"wp-block-image size-large\"><img loading=\"lazy\" decoding=\"async\" width=\"992\" height=\"1024\" data-id=\"174\" src=\"https:\/\/lappkees.dk\/wp-content\/uploads\/2023\/08\/65902944_404658290142065_95559169750335488_n-992x1024.jpg\" alt=\"\" class=\"wp-image-174\" srcset=\"https:\/\/lappkees.dk\/wp-content\/uploads\/2023\/08\/65902944_404658290142065_95559169750335488_n-992x1024.jpg 992w, https:\/\/lappkees.dk\/wp-content\/uploads\/2023\/08\/65902944_404658290142065_95559169750335488_n-291x300.jpg 291w, https:\/\/lappkees.dk\/wp-content\/uploads\/2023\/08\/65902944_404658290142065_95559169750335488_n-768x792.jpg 768w, https:\/\/lappkees.dk\/wp-content\/uploads\/2023\/08\/65902944_404658290142065_95559169750335488_n-1489x1536.jpg 1489w, https:\/\/lappkees.dk\/wp-content\/uploads\/2023\/08\/65902944_404658290142065_95559169750335488_n-1985x2048.jpg 1985w\" sizes=\"auto, (max-width: 992px) 100vw, 992px\" \/><\/figure>\n<\/figure>\n\n\n\n<p>LappKees Life in the Fast Lane DK14686\/2017 aka Batman<\/p>\n\n\n\n<figure class=\"wp-block-gallery has-nested-images columns-default is-cropped wp-block-gallery-2 is-layout-flex wp-block-gallery-is-layout-flex\">\n<figure class=\"wp-block-image size-large\"><img loading=\"lazy\" decoding=\"async\" width=\"1024\" height=\"683\" data-id=\"162\" src=\"https:\/\/lappkees.dk\/wp-content\/uploads\/2023\/08\/batman1-1024x683.jpg\" alt=\"\" class=\"wp-image-162\" srcset=\"https:\/\/lappkees.dk\/wp-content\/uploads\/2023\/08\/batman1-1024x683.jpg 1024w, https:\/\/lappkees.dk\/wp-content\/uploads\/2023\/08\/batman1-300x200.jpg 300w, https:\/\/lappkees.dk\/wp-content\/uploads\/2023\/08\/batman1-768x512.jpg 768w, https:\/\/lappkees.dk\/wp-content\/uploads\/2023\/08\/batman1.jpg 1296w\" sizes=\"auto, (max-width: 1024px) 100vw, 1024px\" \/><\/figure>\n\n\n\n<figure class=\"wp-block-image size-large\"><img loading=\"lazy\" decoding=\"async\" width=\"768\" height=\"1024\" data-id=\"163\" src=\"https:\/\/lappkees.dk\/wp-content\/uploads\/2023\/08\/batman2-768x1024.jpg\" alt=\"\" class=\"wp-image-163\" srcset=\"https:\/\/lappkees.dk\/wp-content\/uploads\/2023\/08\/batman2-768x1024.jpg 768w, https:\/\/lappkees.dk\/wp-content\/uploads\/2023\/08\/batman2-225x300.jpg 225w, https:\/\/lappkees.dk\/wp-content\/uploads\/2023\/08\/batman2-1152x1536.jpg 1152w, https:\/\/lappkees.dk\/wp-content\/uploads\/2023\/08\/batman2-1536x2048.jpg 1536w, https:\/\/lappkees.dk\/wp-content\/uploads\/2023\/08\/batman2-scaled.jpg 1920w\" sizes=\"auto, (max-width: 768px) 100vw, 768px\" \/><\/figure>\n<\/figure>\n\n\n\n<p>LappKees Take it Easy DK14688\/2017  aka Poro<\/p>\n\n\n\n<figure class=\"wp-block-gallery has-nested-images columns-default is-cropped wp-block-gallery-3 is-layout-flex wp-block-gallery-is-layout-flex\">\n<figure class=\"wp-block-image size-large\"><img loading=\"lazy\" decoding=\"async\" width=\"967\" height=\"645\" data-id=\"164\" src=\"https:\/\/lappkees.dk\/wp-content\/uploads\/2023\/08\/poro.jpg\" alt=\"\" class=\"wp-image-164\" srcset=\"https:\/\/lappkees.dk\/wp-content\/uploads\/2023\/08\/poro.jpg 967w, https:\/\/lappkees.dk\/wp-content\/uploads\/2023\/08\/poro-300x200.jpg 300w, https:\/\/lappkees.dk\/wp-content\/uploads\/2023\/08\/poro-768x512.jpg 768w\" sizes=\"auto, (max-width: 967px) 100vw, 967px\" \/><\/figure>\n\n\n\n<figure class=\"wp-block-image size-large\"><img loading=\"lazy\" decoding=\"async\" width=\"498\" height=\"1024\" data-id=\"165\" src=\"https:\/\/lappkees.dk\/wp-content\/uploads\/2023\/08\/poro2-498x1024.jpg\" alt=\"\" class=\"wp-image-165\" srcset=\"https:\/\/lappkees.dk\/wp-content\/uploads\/2023\/08\/poro2-498x1024.jpg 498w, https:\/\/lappkees.dk\/wp-content\/uploads\/2023\/08\/poro2-146x300.jpg 146w, https:\/\/lappkees.dk\/wp-content\/uploads\/2023\/08\/poro2.jpg 640w\" sizes=\"auto, (max-width: 498px) 100vw, 498px\" \/><\/figure>\n<\/figure>\n\n\n\n<p>LappKees New Kid in Town DK14687\/2017 aka Buster<\/p>\n\n\n\n<figure class=\"wp-block-gallery has-nested-images columns-default is-cropped wp-block-gallery-4 is-layout-flex wp-block-gallery-is-layout-flex\">\n<figure class=\"wp-block-image size-large\"><img loading=\"lazy\" decoding=\"async\" width=\"1024\" height=\"683\" data-id=\"166\" src=\"https:\/\/lappkees.dk\/wp-content\/uploads\/2023\/08\/Buster-1024x683.jpg\" alt=\"\" class=\"wp-image-166\" srcset=\"https:\/\/lappkees.dk\/wp-content\/uploads\/2023\/08\/Buster-1024x683.jpg 1024w, https:\/\/lappkees.dk\/wp-content\/uploads\/2023\/08\/Buster-300x200.jpg 300w, https:\/\/lappkees.dk\/wp-content\/uploads\/2023\/08\/Buster-768x512.jpg 768w, https:\/\/lappkees.dk\/wp-content\/uploads\/2023\/08\/Buster.jpg 1296w\" sizes=\"auto, (max-width: 1024px) 100vw, 1024px\" \/><\/figure>\n\n\n\n<figure class=\"wp-block-image size-large\"><img loading=\"lazy\" decoding=\"async\" width=\"768\" height=\"1024\" data-id=\"167\" src=\"https:\/\/lappkees.dk\/wp-content\/uploads\/2023\/08\/buster2.jpg\" alt=\"\" class=\"wp-image-167\" srcset=\"https:\/\/lappkees.dk\/wp-content\/uploads\/2023\/08\/buster2.jpg 768w, https:\/\/lappkees.dk\/wp-content\/uploads\/2023\/08\/buster2-225x300.jpg 225w\" sizes=\"auto, (max-width: 768px) 100vw, 768px\" \/><\/figure>\n<\/figure>\n\n\n\n<p>LappKees Tequila Sunrise DK14690\/2017 aka Ila <\/p>\n\n\n\n<figure class=\"wp-block-gallery has-nested-images columns-default is-cropped wp-block-gallery-5 is-layout-flex wp-block-gallery-is-layout-flex\">\n<figure class=\"wp-block-image size-large\"><img loading=\"lazy\" decoding=\"async\" width=\"1024\" height=\"683\" data-id=\"170\" src=\"https:\/\/lappkees.dk\/wp-content\/uploads\/2023\/08\/ila1-1-1024x683.jpg\" alt=\"\" class=\"wp-image-170\" srcset=\"https:\/\/lappkees.dk\/wp-content\/uploads\/2023\/08\/ila1-1-1024x683.jpg 1024w, https:\/\/lappkees.dk\/wp-content\/uploads\/2023\/08\/ila1-1-300x200.jpg 300w, https:\/\/lappkees.dk\/wp-content\/uploads\/2023\/08\/ila1-1-768x512.jpg 768w, https:\/\/lappkees.dk\/wp-content\/uploads\/2023\/08\/ila1-1.jpg 1296w\" sizes=\"auto, (max-width: 1024px) 100vw, 1024px\" \/><\/figure>\n\n\n\n<figure class=\"wp-block-image size-large\"><img loading=\"lazy\" decoding=\"async\" width=\"1024\" height=\"683\" data-id=\"171\" src=\"https:\/\/lappkees.dk\/wp-content\/uploads\/2023\/08\/ila2-1024x683.jpg\" alt=\"\" class=\"wp-image-171\" srcset=\"https:\/\/lappkees.dk\/wp-content\/uploads\/2023\/08\/ila2-1024x683.jpg 1024w, https:\/\/lappkees.dk\/wp-content\/uploads\/2023\/08\/ila2-300x200.jpg 300w, https:\/\/lappkees.dk\/wp-content\/uploads\/2023\/08\/ila2-768x512.jpg 768w, https:\/\/lappkees.dk\/wp-content\/uploads\/2023\/08\/ila2-1536x1024.jpg 1536w, https:\/\/lappkees.dk\/wp-content\/uploads\/2023\/08\/ila2.jpg 2048w\" sizes=\"auto, (max-width: 1024px) 100vw, 1024px\" \/><\/figure>\n<\/figure>\n","protected":false},"excerpt":{"rendered":"<p>Mor Vallar\u00e4ntans Biegga &#8211; beskrevet under Disney kuldet far Lappehiests Frimodige Falco Sam NO48705\/11 HD B, PRA og Pompes fri, \u00d8jenlyst 16 UA Ingen fra Eagles kuldet er g\u00e5et videre i avl af forskellige \u00e5rsager LappKees Best of my love DK14689\/2017 aka Marley LappKees Life in the Fast Lane DK14686\/2017 aka Batman LappKees Take it &hellip; <a href=\"https:\/\/lappkees.dk\/?page_id=158\" class=\"more-link\">L\u00e6s videre <span class=\"screen-reader-text\">Eagles Kuldet 2017 f\u00f8dt d. 21.08.17<\/span> <span class=\"meta-nav\">&rarr;<\/span><\/a><\/p>\n","protected":false},"author":1,"featured_media":175,"parent":0,"menu_order":0,"comment_status":"closed","ping_status":"closed","template":"","meta":{"footnotes":""},"class_list":["post-158","page","type-page","status-publish","has-post-thumbnail","hentry"],"_links":{"self":[{"href":"https:\/\/lappkees.dk\/index.php?rest_route=\/wp\/v2\/pages\/158","targetHints":{"allow":["GET"]}}],"collection":[{"href":"https:\/\/lappkees.dk\/index.php?rest_route=\/wp\/v2\/pages"}],"about":[{"href":"https:\/\/lappkees.dk\/index.php?rest_route=\/wp\/v2\/types\/page"}],"author":[{"embeddable":true,"href":"https:\/\/lappkees.dk\/index.php?rest_route=\/wp\/v2\/users\/1"}],"replies":[{"embeddable":true,"href":"https:\/\/lappkees.dk\/index.php?rest_route=%2Fwp%2Fv2%2Fcomments&post=158"}],"version-history":[{"count":4,"href":"https:\/\/lappkees.dk\/index.php?rest_route=\/wp\/v2\/pages\/158\/revisions"}],"predecessor-version":[{"id":176,"href":"https:\/\/lappkees.dk\/index.php?rest_route=\/wp\/v2\/pages\/158\/revisions\/176"}],"wp:featuredmedia":[{"embeddable":true,"href":"https:\/\/lappkees.dk\/index.php?rest_route=\/wp\/v2\/media\/175"}],"wp:attachment":[{"href":"https:\/\/lappkees.dk\/index.php?rest_route=%2Fwp%2Fv2%2Fmedia&parent=158"}],"curies":[{"name":"wp","href":"https:\/\/api.w.org\/{rel}","templated":true}]}}