{"id":134,"date":"2023-08-07T13:54:50","date_gmt":"2023-08-07T13:54:50","guid":{"rendered":"https:\/\/lappkees.dk\/?page_id=134"},"modified":"2023-08-08T13:14:58","modified_gmt":"2023-08-08T13:14:58","slug":"disney-kuldet-2016-foedt-d-17-07-16","status":"publish","type":"page","link":"https:\/\/lappkees.dk\/?page_id=134","title":{"rendered":"Disney Kuldet 2016 f\u00f8dt d. 17.07.16"},"content":{"rendered":"\n<p>For\u00e6ldre Vallarj\u00e4ntans Biegga import fra Sverige DK07272\/2014  HD A, AD 0, \u00d8jenlyst flere gange med kun et ekstra \u00f8jenh\u00e5r, PRA og Pompes fri.<\/p>\n\n\n\n<p>og Fj\u00e4llfarmens Sonny S29616\/2009 HD B, PRA og Pompes fri, \u00f8jenlyst flere gange uden anm\u00e6rkninger, men som 9 \u00e5rig konstateret katarakt.<\/p>\n\n\n\n<p>LappKees Kiara the fearless &nbsp;DK14450\/2016 aka Aika<\/p>\n\n\n\n<figure class=\"wp-block-gallery has-nested-images columns-default is-cropped wp-block-gallery-1 is-layout-flex wp-block-gallery-is-layout-flex\">\n<figure class=\"wp-block-image size-large\"><img loading=\"lazy\" decoding=\"async\" width=\"1024\" height=\"683\" data-id=\"140\" src=\"https:\/\/lappkees.dk\/wp-content\/uploads\/2023\/08\/roed-2-1024x683.jpg\" alt=\"\" class=\"wp-image-140\" srcset=\"https:\/\/lappkees.dk\/wp-content\/uploads\/2023\/08\/roed-2-1024x683.jpg 1024w, https:\/\/lappkees.dk\/wp-content\/uploads\/2023\/08\/roed-2-300x200.jpg 300w, https:\/\/lappkees.dk\/wp-content\/uploads\/2023\/08\/roed-2-768x512.jpg 768w, https:\/\/lappkees.dk\/wp-content\/uploads\/2023\/08\/roed-2.jpg 1296w\" sizes=\"auto, (max-width: 1024px) 100vw, 1024px\" \/><\/figure>\n\n\n\n<figure class=\"wp-block-image size-large\"><img loading=\"lazy\" decoding=\"async\" width=\"550\" height=\"750\" data-id=\"142\" src=\"https:\/\/lappkees.dk\/wp-content\/uploads\/2023\/08\/Aika-voksen-2.jpg\" alt=\"\" class=\"wp-image-142\" srcset=\"https:\/\/lappkees.dk\/wp-content\/uploads\/2023\/08\/Aika-voksen-2.jpg 550w, https:\/\/lappkees.dk\/wp-content\/uploads\/2023\/08\/Aika-voksen-2-220x300.jpg 220w\" sizes=\"auto, (max-width: 550px) 100vw, 550px\" \/><\/figure>\n<\/figure>\n\n\n\n<p>LappKees Akela the great wolf DK14448\/2016 &#8211; frost s\u00e6d vil blive gemt<\/p>\n\n\n\n<figure class=\"wp-block-gallery has-nested-images columns-default is-cropped wp-block-gallery-2 is-layout-flex wp-block-gallery-is-layout-flex\">\n<figure class=\"wp-block-image size-large\"><img loading=\"lazy\" decoding=\"async\" width=\"1024\" height=\"683\" data-id=\"143\" src=\"https:\/\/lappkees.dk\/wp-content\/uploads\/2023\/08\/Akela1-1024x683.jpg\" alt=\"\" class=\"wp-image-143\" srcset=\"https:\/\/lappkees.dk\/wp-content\/uploads\/2023\/08\/Akela1-1024x683.jpg 1024w, https:\/\/lappkees.dk\/wp-content\/uploads\/2023\/08\/Akela1-300x200.jpg 300w, https:\/\/lappkees.dk\/wp-content\/uploads\/2023\/08\/Akela1-768x512.jpg 768w, https:\/\/lappkees.dk\/wp-content\/uploads\/2023\/08\/Akela1.jpg 1296w\" sizes=\"auto, (max-width: 1024px) 100vw, 1024px\" \/><\/figure>\n\n\n\n<figure class=\"wp-block-image size-large\"><img loading=\"lazy\" decoding=\"async\" width=\"984\" height=\"1024\" data-id=\"144\" src=\"https:\/\/lappkees.dk\/wp-content\/uploads\/2023\/08\/akela2-984x1024.jpg\" alt=\"\" class=\"wp-image-144\" srcset=\"https:\/\/lappkees.dk\/wp-content\/uploads\/2023\/08\/akela2-984x1024.jpg 984w, https:\/\/lappkees.dk\/wp-content\/uploads\/2023\/08\/akela2-288x300.jpg 288w, https:\/\/lappkees.dk\/wp-content\/uploads\/2023\/08\/akela2-768x800.jpg 768w, https:\/\/lappkees.dk\/wp-content\/uploads\/2023\/08\/akela2-1475x1536.jpg 1475w, https:\/\/lappkees.dk\/wp-content\/uploads\/2023\/08\/akela2.jpg 1872w\" sizes=\"auto, (max-width: 984px) 100vw, 984px\" \/><\/figure>\n<\/figure>\n\n\n\n<p>LappKees Ariel the mermaid DK14452\/2016 &#8211; Ariel har f\u00e5et 14 hvalpe  &#8211; link til hvalpene: <\/p>\n\n\n\n<p>vindkuldet  <a href=\"https:\/\/lappkees.dk\/?page_id=209\" data-type=\"URL\" data-id=\"https:\/\/lappkees.dk\/?page_id=209\">https:\/\/lappkees.dk\/?page_id=209<\/a> <\/p>\n\n\n\n<p><\/p>\n\n\n\n<figure class=\"wp-block-gallery has-nested-images columns-default is-cropped wp-block-gallery-3 is-layout-flex wp-block-gallery-is-layout-flex\">\n<figure class=\"wp-block-image size-large\"><img loading=\"lazy\" decoding=\"async\" width=\"1024\" height=\"683\" data-id=\"145\" src=\"https:\/\/lappkees.dk\/wp-content\/uploads\/2023\/08\/Ariel1-1024x683.jpg\" alt=\"\" class=\"wp-image-145\" srcset=\"https:\/\/lappkees.dk\/wp-content\/uploads\/2023\/08\/Ariel1-1024x683.jpg 1024w, https:\/\/lappkees.dk\/wp-content\/uploads\/2023\/08\/Ariel1-300x200.jpg 300w, https:\/\/lappkees.dk\/wp-content\/uploads\/2023\/08\/Ariel1-768x512.jpg 768w, https:\/\/lappkees.dk\/wp-content\/uploads\/2023\/08\/Ariel1.jpg 1296w\" sizes=\"auto, (max-width: 1024px) 100vw, 1024px\" \/><\/figure>\n\n\n\n<figure class=\"wp-block-image size-large\"><img loading=\"lazy\" decoding=\"async\" width=\"1024\" height=\"683\" data-id=\"146\" src=\"https:\/\/lappkees.dk\/wp-content\/uploads\/2023\/08\/339604096_910248256908311_430132400658880914_n-1024x683.jpg\" alt=\"\" class=\"wp-image-146\" srcset=\"https:\/\/lappkees.dk\/wp-content\/uploads\/2023\/08\/339604096_910248256908311_430132400658880914_n-1024x683.jpg 1024w, https:\/\/lappkees.dk\/wp-content\/uploads\/2023\/08\/339604096_910248256908311_430132400658880914_n-300x200.jpg 300w, https:\/\/lappkees.dk\/wp-content\/uploads\/2023\/08\/339604096_910248256908311_430132400658880914_n-768x512.jpg 768w, https:\/\/lappkees.dk\/wp-content\/uploads\/2023\/08\/339604096_910248256908311_430132400658880914_n-1536x1024.jpg 1536w, https:\/\/lappkees.dk\/wp-content\/uploads\/2023\/08\/339604096_910248256908311_430132400658880914_n.jpg 2048w\" sizes=\"auto, (max-width: 1024px) 100vw, 1024px\" \/><\/figure>\n<\/figure>\n\n\n\n<p>LappKees Baloo the big bear DK14449\/2016 <\/p>\n\n\n\n<figure class=\"wp-block-gallery has-nested-images columns-default is-cropped wp-block-gallery-4 is-layout-flex wp-block-gallery-is-layout-flex\">\n<figure class=\"wp-block-image size-large\"><img loading=\"lazy\" decoding=\"async\" width=\"1024\" height=\"683\" data-id=\"147\" src=\"https:\/\/lappkees.dk\/wp-content\/uploads\/2023\/08\/Baloo1-1024x683.jpg\" alt=\"\" class=\"wp-image-147\" srcset=\"https:\/\/lappkees.dk\/wp-content\/uploads\/2023\/08\/Baloo1-1024x683.jpg 1024w, https:\/\/lappkees.dk\/wp-content\/uploads\/2023\/08\/Baloo1-300x200.jpg 300w, https:\/\/lappkees.dk\/wp-content\/uploads\/2023\/08\/Baloo1-768x512.jpg 768w, https:\/\/lappkees.dk\/wp-content\/uploads\/2023\/08\/Baloo1.jpg 1296w\" sizes=\"auto, (max-width: 1024px) 100vw, 1024px\" \/><\/figure>\n\n\n\n<figure class=\"wp-block-image size-large\"><img loading=\"lazy\" decoding=\"async\" width=\"720\" height=\"960\" data-id=\"148\" src=\"https:\/\/lappkees.dk\/wp-content\/uploads\/2023\/08\/baloo2.jpg\" alt=\"\" class=\"wp-image-148\" srcset=\"https:\/\/lappkees.dk\/wp-content\/uploads\/2023\/08\/baloo2.jpg 720w, https:\/\/lappkees.dk\/wp-content\/uploads\/2023\/08\/baloo2-225x300.jpg 225w\" sizes=\"auto, (max-width: 720px) 100vw, 720px\" \/><\/figure>\n<\/figure>\n\n\n\n<p>LappKees Nala the best friend DK14451\/2016 &#8211; Kala i daglig tale og hun har f\u00e5et 8 hvalpe <\/p>\n\n\n\n<figure class=\"wp-block-gallery has-nested-images columns-default is-cropped wp-block-gallery-5 is-layout-flex wp-block-gallery-is-layout-flex\">\n<figure class=\"wp-block-image size-large\"><img loading=\"lazy\" decoding=\"async\" width=\"1024\" height=\"683\" data-id=\"149\" src=\"https:\/\/lappkees.dk\/wp-content\/uploads\/2023\/08\/Kala-1024x683.jpg\" alt=\"\" class=\"wp-image-149\" srcset=\"https:\/\/lappkees.dk\/wp-content\/uploads\/2023\/08\/Kala-1024x683.jpg 1024w, https:\/\/lappkees.dk\/wp-content\/uploads\/2023\/08\/Kala-300x200.jpg 300w, https:\/\/lappkees.dk\/wp-content\/uploads\/2023\/08\/Kala-768x512.jpg 768w, https:\/\/lappkees.dk\/wp-content\/uploads\/2023\/08\/Kala.jpg 1296w\" sizes=\"auto, (max-width: 1024px) 100vw, 1024px\" \/><\/figure>\n\n\n\n<figure class=\"wp-block-image size-large\"><img loading=\"lazy\" decoding=\"async\" width=\"764\" height=\"1024\" data-id=\"150\" src=\"https:\/\/lappkees.dk\/wp-content\/uploads\/2023\/08\/kala2-764x1024.jpg\" alt=\"\" class=\"wp-image-150\" srcset=\"https:\/\/lappkees.dk\/wp-content\/uploads\/2023\/08\/kala2-764x1024.jpg 764w, https:\/\/lappkees.dk\/wp-content\/uploads\/2023\/08\/kala2-224x300.jpg 224w, https:\/\/lappkees.dk\/wp-content\/uploads\/2023\/08\/kala2-768x1029.jpg 768w, https:\/\/lappkees.dk\/wp-content\/uploads\/2023\/08\/kala2-1146x1536.jpg 1146w, https:\/\/lappkees.dk\/wp-content\/uploads\/2023\/08\/kala2.jpg 1504w\" sizes=\"auto, (max-width: 764px) 100vw, 764px\" \/><\/figure>\n<\/figure>\n\n\n\n<p>LappKees Koda the brother bear DK14447\/2016<\/p>\n\n\n\n<figure class=\"wp-block-gallery has-nested-images columns-default is-cropped wp-block-gallery-6 is-layout-flex wp-block-gallery-is-layout-flex\">\n<figure class=\"wp-block-image size-large\"><img loading=\"lazy\" decoding=\"async\" width=\"1024\" height=\"683\" data-id=\"151\" src=\"https:\/\/lappkees.dk\/wp-content\/uploads\/2023\/08\/Koda1-1024x683.jpg\" alt=\"\" class=\"wp-image-151\" srcset=\"https:\/\/lappkees.dk\/wp-content\/uploads\/2023\/08\/Koda1-1024x683.jpg 1024w, https:\/\/lappkees.dk\/wp-content\/uploads\/2023\/08\/Koda1-300x200.jpg 300w, https:\/\/lappkees.dk\/wp-content\/uploads\/2023\/08\/Koda1-768x512.jpg 768w, https:\/\/lappkees.dk\/wp-content\/uploads\/2023\/08\/Koda1.jpg 1296w\" sizes=\"auto, (max-width: 1024px) 100vw, 1024px\" \/><\/figure>\n\n\n\n<figure class=\"wp-block-image size-large\"><img loading=\"lazy\" decoding=\"async\" width=\"768\" height=\"1024\" data-id=\"152\" src=\"https:\/\/lappkees.dk\/wp-content\/uploads\/2023\/08\/koda2-768x1024.jpg\" alt=\"\" class=\"wp-image-152\" srcset=\"https:\/\/lappkees.dk\/wp-content\/uploads\/2023\/08\/koda2-768x1024.jpg 768w, https:\/\/lappkees.dk\/wp-content\/uploads\/2023\/08\/koda2-225x300.jpg 225w, https:\/\/lappkees.dk\/wp-content\/uploads\/2023\/08\/koda2-1152x1536.jpg 1152w, https:\/\/lappkees.dk\/wp-content\/uploads\/2023\/08\/koda2.jpg 1512w\" sizes=\"auto, (max-width: 768px) 100vw, 768px\" \/><\/figure>\n<\/figure>\n","protected":false},"excerpt":{"rendered":"<p>For\u00e6ldre Vallarj\u00e4ntans Biegga import fra Sverige DK07272\/2014 HD A, AD 0, \u00d8jenlyst flere gange med kun et ekstra \u00f8jenh\u00e5r, PRA og Pompes fri. og Fj\u00e4llfarmens Sonny S29616\/2009 HD B, PRA og Pompes fri, \u00f8jenlyst flere gange uden anm\u00e6rkninger, men som 9 \u00e5rig konstateret katarakt. LappKees Kiara the fearless &nbsp;DK14450\/2016 aka Aika LappKees Akela the great &hellip; <a href=\"https:\/\/lappkees.dk\/?page_id=134\" class=\"more-link\">L\u00e6s videre <span class=\"screen-reader-text\">Disney Kuldet 2016 f\u00f8dt d. 17.07.16<\/span> <span class=\"meta-nav\">&rarr;<\/span><\/a><\/p>\n","protected":false},"author":1,"featured_media":156,"parent":0,"menu_order":0,"comment_status":"closed","ping_status":"closed","template":"","meta":{"footnotes":""},"class_list":["post-134","page","type-page","status-publish","has-post-thumbnail","hentry"],"_links":{"self":[{"href":"https:\/\/lappkees.dk\/index.php?rest_route=\/wp\/v2\/pages\/134","targetHints":{"allow":["GET"]}}],"collection":[{"href":"https:\/\/lappkees.dk\/index.php?rest_route=\/wp\/v2\/pages"}],"about":[{"href":"https:\/\/lappkees.dk\/index.php?rest_route=\/wp\/v2\/types\/page"}],"author":[{"embeddable":true,"href":"https:\/\/lappkees.dk\/index.php?rest_route=\/wp\/v2\/users\/1"}],"replies":[{"embeddable":true,"href":"https:\/\/lappkees.dk\/index.php?rest_route=%2Fwp%2Fv2%2Fcomments&post=134"}],"version-history":[{"count":7,"href":"https:\/\/lappkees.dk\/index.php?rest_route=\/wp\/v2\/pages\/134\/revisions"}],"predecessor-version":[{"id":239,"href":"https:\/\/lappkees.dk\/index.php?rest_route=\/wp\/v2\/pages\/134\/revisions\/239"}],"wp:featuredmedia":[{"embeddable":true,"href":"https:\/\/lappkees.dk\/index.php?rest_route=\/wp\/v2\/media\/156"}],"wp:attachment":[{"href":"https:\/\/lappkees.dk\/index.php?rest_route=%2Fwp%2Fv2%2Fmedia&parent=134"}],"curies":[{"name":"wp","href":"https:\/\/api.w.org\/{rel}","templated":true}]}}