{"id":13,"date":"2023-05-29T20:01:46","date_gmt":"2023-05-29T20:01:46","guid":{"rendered":"https:\/\/lappkees.dk\/wordpress\/?page_id=13"},"modified":"2026-01-26T20:20:38","modified_gmt":"2026-01-26T20:20:38","slug":"hanner","status":"publish","type":"page","link":"https:\/\/lappkees.dk\/?page_id=13","title":{"rendered":"Avls hanner"},"content":{"rendered":"\n<p>Jeg har nogle sk\u00f8nne hanner der alle er avlsgodkendte med sundhedsresultater og eksteri\u00f8r bed\u00f8mmelse.<\/p>\n\n\n\n<p>Har du en t\u00e6ve du gerne vil have parret, er jeg behj\u00e6lpelig med at r\u00e5dgive i forhold til valg af han. Hvis jeg ikke har en her der matcher din t\u00e6ve, s\u00e5 kender jeg andre hanner der m\u00e5ske vil v\u00e6re egnet.<\/p>\n\n\n\n<p>Alle hanner har f\u00e5et excellent enten ved eksteri\u00f8r bed\u00f8mmelse eller udstilling.<\/p>\n\n\n\n<p><strong>LappKees Pavo<\/strong>&nbsp;er ligeledes godkendt til avl og kan bruges til rette t\u00e6ver. Pavo bor hos mig. Pavo er en utrolig l\u00e6kker han, som er velbygget. Han har sm\u00e5 \u00f8rer, sk\u00f8nt bredt hoved, med en fin snude. Han har en god st\u00f8rrelse og rigtig l\u00e6kker pelskvalitet. Han syner l\u00e6ngere i kroppen p\u00e5 billeder, end han er i virkeligheden. <\/p>\n\n\n\n<div class=\"wp-block-media-text alignwide is-stacked-on-mobile\"><figure class=\"wp-block-media-text__media\"><img loading=\"lazy\" decoding=\"async\" width=\"1024\" height=\"604\" src=\"https:\/\/lappkees.dk\/wp-content\/uploads\/2023\/05\/27A3594-1024x604.jpg\" alt=\"\" class=\"wp-image-58 size-full\" srcset=\"https:\/\/lappkees.dk\/wp-content\/uploads\/2023\/05\/27A3594-1024x604.jpg 1024w, https:\/\/lappkees.dk\/wp-content\/uploads\/2023\/05\/27A3594-300x177.jpg 300w, https:\/\/lappkees.dk\/wp-content\/uploads\/2023\/05\/27A3594-768x453.jpg 768w, https:\/\/lappkees.dk\/wp-content\/uploads\/2023\/05\/27A3594-1536x906.jpg 1536w, https:\/\/lappkees.dk\/wp-content\/uploads\/2023\/05\/27A3594.jpg 1921w\" sizes=\"auto, (max-width: 1024px) 100vw, 1024px\" \/><\/figure><div class=\"wp-block-media-text__content\">\n<p><a href=\"https:\/\/finnishlapphund.breedarchive.com\/animal\/view\/lappkees-pavo-290e6e0e-4fd6-4674-8aa8-a93ea6128379\">https:\/\/finnishlapphund.breedarchive.com\/animal\/view\/lappkees-pavo-290e6e0e-4fd6-4674-8aa8-a93ea6128379<\/a><\/p>\n<\/div><\/div>\n\n\n\n<p><strong>LappKees Chubasco<\/strong>&nbsp;aka Saljo vil blive brugt i avl til rette t\u00e6ver. Jeg vil begr\u00e6nse avl p\u00e5 samme han, s\u00e5 nu vil han kun blive brugt til en fremmede t\u00e6ve mere, og s\u00e5 er det kun eget avl, hvor jeg vil beholde en t\u00e6ve, han vil blive brugt.<\/p>\n\n\n\n<div class=\"wp-block-media-text alignwide is-stacked-on-mobile\"><figure class=\"wp-block-media-text__media\"><img loading=\"lazy\" decoding=\"async\" width=\"1024\" height=\"840\" src=\"https:\/\/lappkees.dk\/wp-content\/uploads\/2023\/05\/347422070_3171036966533766_4520935691371820256_n-1024x840.jpg\" alt=\"\" class=\"wp-image-60 size-full\" srcset=\"https:\/\/lappkees.dk\/wp-content\/uploads\/2023\/05\/347422070_3171036966533766_4520935691371820256_n-1024x840.jpg 1024w, https:\/\/lappkees.dk\/wp-content\/uploads\/2023\/05\/347422070_3171036966533766_4520935691371820256_n-300x246.jpg 300w, https:\/\/lappkees.dk\/wp-content\/uploads\/2023\/05\/347422070_3171036966533766_4520935691371820256_n-768x630.jpg 768w, https:\/\/lappkees.dk\/wp-content\/uploads\/2023\/05\/347422070_3171036966533766_4520935691371820256_n.jpg 1230w\" sizes=\"auto, (max-width: 1024px) 100vw, 1024px\" \/><\/figure><div class=\"wp-block-media-text__content\">\n<p><a href=\"https:\/\/finnishlapphund.breedarchive.com\/animal\/view\/lappkees-chubasco-b760b1d4-c802-4bcd-b30f-322015469fe9\">https:\/\/finnishlapphund.breedarchive.com\/animal\/view\/lappkees-chubasco-b760b1d4-c802-4bcd-b30f-322015469fe9<\/a><\/p>\n<\/div><\/div>\n\n\n\n<p>LappKees the fantastic hugo boss aka Hugo er blevet avlsgodkendt. Mangler blot en eksteri\u00f8r bed\u00f8mmelse, enten udstilling eller hos dommer.<\/p>\n\n\n\n<div class=\"wp-block-media-text is-stacked-on-mobile\"><figure class=\"wp-block-media-text__media\"><img loading=\"lazy\" decoding=\"async\" width=\"1024\" height=\"683\" src=\"https:\/\/lappkees.dk\/wp-content\/uploads\/2025\/12\/493954181_10234199848871161_8305115765118241488_n-1024x683.jpg\" alt=\"\" class=\"wp-image-476 size-full\" srcset=\"https:\/\/lappkees.dk\/wp-content\/uploads\/2025\/12\/493954181_10234199848871161_8305115765118241488_n-1024x683.jpg 1024w, https:\/\/lappkees.dk\/wp-content\/uploads\/2025\/12\/493954181_10234199848871161_8305115765118241488_n-300x200.jpg 300w, https:\/\/lappkees.dk\/wp-content\/uploads\/2025\/12\/493954181_10234199848871161_8305115765118241488_n-768x512.jpg 768w, https:\/\/lappkees.dk\/wp-content\/uploads\/2025\/12\/493954181_10234199848871161_8305115765118241488_n-1536x1024.jpg 1536w, https:\/\/lappkees.dk\/wp-content\/uploads\/2025\/12\/493954181_10234199848871161_8305115765118241488_n.jpg 2048w\" sizes=\"auto, (max-width: 1024px) 100vw, 1024px\" \/><\/figure><div class=\"wp-block-media-text__content\">\n<p><a href=\"https:\/\/finnishlapphund.breedarchive.com\/animal\/view\/lappkees-the-fantastic-hugo-boss-73a28c06-0167-4d8f-a78d-2055138363de\">https:\/\/finnishlapphund.breedarchive.com\/animal\/view\/lappkees-the-fantastic-hugo-boss-73a28c06-0167-4d8f-a78d-2055138363de<\/a><\/p>\n<\/div><\/div>\n\n\n\n<p>LappKees Fin da Bailey er mit nye avls h\u00e5b og han er lige blevet et \u00e5r og er startet sundheds unders\u00f8gelser. <\/p>\n\n\n\n<div class=\"wp-block-media-text is-stacked-on-mobile\"><figure class=\"wp-block-media-text__media\"><img loading=\"lazy\" decoding=\"async\" width=\"1024\" height=\"628\" src=\"https:\/\/lappkees.dk\/wp-content\/uploads\/2025\/12\/027A6780-1024x628.jpg\" alt=\"\" class=\"wp-image-474 size-full\" srcset=\"https:\/\/lappkees.dk\/wp-content\/uploads\/2025\/12\/027A6780-1024x628.jpg 1024w, https:\/\/lappkees.dk\/wp-content\/uploads\/2025\/12\/027A6780-300x184.jpg 300w, https:\/\/lappkees.dk\/wp-content\/uploads\/2025\/12\/027A6780-768x471.jpg 768w, https:\/\/lappkees.dk\/wp-content\/uploads\/2025\/12\/027A6780-1536x942.jpg 1536w, https:\/\/lappkees.dk\/wp-content\/uploads\/2025\/12\/027A6780-2048x1256.jpg 2048w\" sizes=\"auto, (max-width: 1024px) 100vw, 1024px\" \/><\/figure><div class=\"wp-block-media-text__content\">\n<p><a href=\"https:\/\/finnishlapphund.breedarchive.com\/animal\/view\/lappkees-find-da-bailey-94b1ba1b-c8e4-47ef-852a-ce505d9b6447\">https:\/\/finnishlapphund.breedarchive.com\/animal\/view\/lappkees-find-da-bailey-94b1ba1b-c8e4-47ef-852a-ce505d9b6447<\/a><\/p>\n<\/div><\/div>\n\n\n\n<p>LappKees el Guero aka Musta er udstationeret og vil i starten af 2026 underg\u00e5 sundhedsunders\u00f8gelser.<\/p>\n\n\n\n<div class=\"wp-block-media-text is-stacked-on-mobile\"><figure class=\"wp-block-media-text__media\"><img loading=\"lazy\" decoding=\"async\" width=\"1024\" height=\"683\" src=\"https:\/\/lappkees.dk\/wp-content\/uploads\/2025\/12\/027A7145-1024x683.jpg\" alt=\"\" class=\"wp-image-478 size-full\" srcset=\"https:\/\/lappkees.dk\/wp-content\/uploads\/2025\/12\/027A7145-1024x683.jpg 1024w, https:\/\/lappkees.dk\/wp-content\/uploads\/2025\/12\/027A7145-300x200.jpg 300w, https:\/\/lappkees.dk\/wp-content\/uploads\/2025\/12\/027A7145-768x512.jpg 768w, https:\/\/lappkees.dk\/wp-content\/uploads\/2025\/12\/027A7145-1536x1024.jpg 1536w, https:\/\/lappkees.dk\/wp-content\/uploads\/2025\/12\/027A7145-2048x1365.jpg 2048w\" sizes=\"auto, (max-width: 1024px) 100vw, 1024px\" \/><\/figure><div class=\"wp-block-media-text__content\">\n<p><a href=\"https:\/\/finnishlapphund.breedarchive.com\/animal\/view\/lappkees-el-guero-8deae8f4-2630-4e30-b70c-2eeb41a0ddf8\">https:\/\/finnishlapphund.breedarchive.com\/animal\/view\/lappkees-el-guero-8deae8f4-2630-4e30-b70c-2eeb41a0ddf8<\/a><\/p>\n<\/div><\/div>\n\n\n\n<p><strong>LappKees Willy-Willy&nbsp;<\/strong>aka Cosmo er blevet godkendt til avl. Han er bror til Saljo og bor til dagligt hos Sara og Thorbj\u00f8rn p\u00e5 Fyn. I kan kontakte ejere p\u00e5 mail: harksara@gmail.com<\/p>\n\n\n\n<div class=\"wp-block-media-text alignwide is-stacked-on-mobile\"><figure class=\"wp-block-media-text__media\"><img loading=\"lazy\" decoding=\"async\" width=\"231\" height=\"191\" src=\"https:\/\/lappkees.dk\/wp-content\/uploads\/2023\/05\/image-3.png\" alt=\"\" class=\"wp-image-62 size-full\"\/><\/figure><div class=\"wp-block-media-text__content\">\n<p><a href=\"https:\/\/finnishlapphund.breedarchive.com\/animal\/view\/lappkees-willy-willy-9b3344c6-519a-427e-8466-96f5abb5485d\">https:\/\/finnishlapphund.breedarchive.com\/animal\/view\/lappkees-willy-willy-9b3344c6-519a-427e-8466-96f5abb5485d<\/a><\/p>\n<\/div><\/div>\n\n\n\n<p>Pensioneret:<\/p>\n\n\n\n<p><strong>Collin Nezkrotn\u00e1 mark\u00fdza<\/strong> aka Louie er pensioneret og skal ikke l\u00e6ngere indg\u00e5 i avl. Han er far til Meri og morfar til Bailey. Louie blev hentet i Tjekkiet for at tilf\u00f8re nyt blod til min linje. <\/p>\n\n\n\n<div class=\"wp-block-media-text is-stacked-on-mobile\"><figure class=\"wp-block-media-text__media\"><img loading=\"lazy\" decoding=\"async\" width=\"1024\" height=\"683\" src=\"https:\/\/lappkees.dk\/wp-content\/uploads\/2026\/01\/027A1289-1-1024x683.jpg\" alt=\"\" class=\"wp-image-486 size-full\" srcset=\"https:\/\/lappkees.dk\/wp-content\/uploads\/2026\/01\/027A1289-1-1024x683.jpg 1024w, https:\/\/lappkees.dk\/wp-content\/uploads\/2026\/01\/027A1289-1-300x200.jpg 300w, https:\/\/lappkees.dk\/wp-content\/uploads\/2026\/01\/027A1289-1-768x512.jpg 768w, https:\/\/lappkees.dk\/wp-content\/uploads\/2026\/01\/027A1289-1-1536x1024.jpg 1536w, https:\/\/lappkees.dk\/wp-content\/uploads\/2026\/01\/027A1289-1-2048x1365.jpg 2048w\" sizes=\"auto, (max-width: 1024px) 100vw, 1024px\" \/><\/figure><div class=\"wp-block-media-text__content\">\n<p>Senior han &lt;3<\/p>\n<\/div><\/div>\n","protected":false},"excerpt":{"rendered":"<p>Jeg har nogle sk\u00f8nne hanner der alle er avlsgodkendte med sundhedsresultater og eksteri\u00f8r bed\u00f8mmelse. Har du en t\u00e6ve du gerne vil have parret, er jeg behj\u00e6lpelig med at r\u00e5dgive i forhold til valg af han. Hvis jeg ikke har en her der matcher din t\u00e6ve, s\u00e5 kender jeg andre hanner der m\u00e5ske vil v\u00e6re egnet. &hellip; <a href=\"https:\/\/lappkees.dk\/?page_id=13\" class=\"more-link\">L\u00e6s videre <span class=\"screen-reader-text\">Avls hanner<\/span> <span class=\"meta-nav\">&rarr;<\/span><\/a><\/p>\n","protected":false},"author":1,"featured_media":0,"parent":0,"menu_order":0,"comment_status":"closed","ping_status":"closed","template":"","meta":{"footnotes":""},"class_list":["post-13","page","type-page","status-publish","hentry"],"_links":{"self":[{"href":"https:\/\/lappkees.dk\/index.php?rest_route=\/wp\/v2\/pages\/13","targetHints":{"allow":["GET"]}}],"collection":[{"href":"https:\/\/lappkees.dk\/index.php?rest_route=\/wp\/v2\/pages"}],"about":[{"href":"https:\/\/lappkees.dk\/index.php?rest_route=\/wp\/v2\/types\/page"}],"author":[{"embeddable":true,"href":"https:\/\/lappkees.dk\/index.php?rest_route=\/wp\/v2\/users\/1"}],"replies":[{"embeddable":true,"href":"https:\/\/lappkees.dk\/index.php?rest_route=%2Fwp%2Fv2%2Fcomments&post=13"}],"version-history":[{"count":19,"href":"https:\/\/lappkees.dk\/index.php?rest_route=\/wp\/v2\/pages\/13\/revisions"}],"predecessor-version":[{"id":487,"href":"https:\/\/lappkees.dk\/index.php?rest_route=\/wp\/v2\/pages\/13\/revisions\/487"}],"wp:attachment":[{"href":"https:\/\/lappkees.dk\/index.php?rest_route=%2Fwp%2Fv2%2Fmedia&parent=13"}],"curies":[{"name":"wp","href":"https:\/\/api.w.org\/{rel}","templated":true}]}}