{"id":115,"date":"2023-06-06T18:43:30","date_gmt":"2023-06-06T18:43:30","guid":{"rendered":"https:\/\/lappkees.dk\/?page_id=115"},"modified":"2025-12-24T08:09:48","modified_gmt":"2025-12-24T08:09:48","slug":"hvalpeplaner","status":"publish","type":"page","link":"https:\/\/lappkees.dk\/?page_id=115","title":{"rendered":"Hvalpeplaner"},"content":{"rendered":"\n<p>Meri vil blive parret ved n\u00e6ste l\u00f8betid som forventes at v\u00e6re her i oktober eller november. <\/p>\n\n\n\n<p>Zuri vil blive parret ved n\u00e6ste l\u00f8betid, som forventes at v\u00e6re februar. <\/p>\n\n\n\n<p>Hannen jeg v\u00e6lger til Zuri er Mowgli (Kjersgaards Nebraska) Mowgli har  A hofter. <\/p>\n\n\n\n<p>Derudover er stamtavlen fri for en meget brugt linje med Lecibsin Macce i. <\/p>\n\n\n\n<p>Hold \u00f8je her for n\u00e6rmere info<\/p>\n\n\n\n<p><a href=\"https:\/\/finnishlapphund.breedarchive.com\/animal\/testmating?sire_uuid=63694c88-b0b3-4b68-bf82-c15437d49833&amp;dam_uuid=af64ef71-5f0e-4a81-95ff-7c5c981aef39\">https:\/\/finnishlapphund.breedarchive.com\/animal\/testmating?sire_uuid=63694c88-b0b3-4b68-bf82-c15437d49833&amp;dam_uuid=af64ef71-5f0e-4a81-95ff-7c5c981aef39<\/a><\/p>\n\n\n\n<p><\/p>\n\n\n\n<p><\/p>\n\n\n\n<p><\/p>\n\n\n\n<p><\/p>\n\n\n\n<p><\/p>\n\n\n\n<figure class=\"wp-block-gallery has-nested-images columns-default is-cropped wp-block-gallery-1 is-layout-flex wp-block-gallery-is-layout-flex\">\n<figure class=\"wp-block-image size-large\"><img loading=\"lazy\" decoding=\"async\" width=\"1024\" height=\"937\" data-id=\"451\" src=\"https:\/\/lappkees.dk\/wp-content\/uploads\/2025\/10\/a56f8556-4845-4376-aec5-ed3167892898-1-1024x937.jpeg\" alt=\"\" class=\"wp-image-451\" srcset=\"https:\/\/lappkees.dk\/wp-content\/uploads\/2025\/10\/a56f8556-4845-4376-aec5-ed3167892898-1-1024x937.jpeg 1024w, https:\/\/lappkees.dk\/wp-content\/uploads\/2025\/10\/a56f8556-4845-4376-aec5-ed3167892898-1-300x274.jpeg 300w, https:\/\/lappkees.dk\/wp-content\/uploads\/2025\/10\/a56f8556-4845-4376-aec5-ed3167892898-1-768x703.jpeg 768w, https:\/\/lappkees.dk\/wp-content\/uploads\/2025\/10\/a56f8556-4845-4376-aec5-ed3167892898-1.jpeg 1152w\" sizes=\"auto, (max-width: 1024px) 100vw, 1024px\" \/><figcaption class=\"wp-element-caption\">Kjersgaard Nebraska<\/figcaption><\/figure>\n<\/figure>\n\n\n\n<figure class=\"wp-block-gallery has-nested-images columns-default is-cropped wp-block-gallery-2 is-layout-flex wp-block-gallery-is-layout-flex\">\n<figure class=\"wp-block-image size-large\"><img loading=\"lazy\" decoding=\"async\" width=\"1024\" height=\"683\" data-id=\"481\" src=\"https:\/\/lappkees.dk\/wp-content\/uploads\/2025\/12\/027A8783-1-1024x683.jpg\" alt=\"\" class=\"wp-image-481\" srcset=\"https:\/\/lappkees.dk\/wp-content\/uploads\/2025\/12\/027A8783-1-1024x683.jpg 1024w, https:\/\/lappkees.dk\/wp-content\/uploads\/2025\/12\/027A8783-1-300x200.jpg 300w, https:\/\/lappkees.dk\/wp-content\/uploads\/2025\/12\/027A8783-1-768x512.jpg 768w, https:\/\/lappkees.dk\/wp-content\/uploads\/2025\/12\/027A8783-1-1536x1024.jpg 1536w, https:\/\/lappkees.dk\/wp-content\/uploads\/2025\/12\/027A8783-1-2048x1365.jpg 2048w\" sizes=\"auto, (max-width: 1024px) 100vw, 1024px\" \/><\/figure>\n<\/figure>\n\n\n\n<p><\/p>\n","protected":false},"excerpt":{"rendered":"<p>Meri vil blive parret ved n\u00e6ste l\u00f8betid som forventes at v\u00e6re her i oktober eller november. Zuri vil blive parret ved n\u00e6ste l\u00f8betid, som forventes at v\u00e6re februar. Hannen jeg v\u00e6lger til Zuri er Mowgli (Kjersgaards Nebraska) Mowgli har A hofter. Derudover er stamtavlen fri for en meget brugt linje med Lecibsin Macce i. Hold &hellip; <a href=\"https:\/\/lappkees.dk\/?page_id=115\" class=\"more-link\">L\u00e6s videre <span class=\"screen-reader-text\">Hvalpeplaner<\/span> <span class=\"meta-nav\">&rarr;<\/span><\/a><\/p>\n","protected":false},"author":1,"featured_media":0,"parent":0,"menu_order":0,"comment_status":"closed","ping_status":"closed","template":"","meta":{"footnotes":""},"class_list":["post-115","page","type-page","status-publish","hentry"],"_links":{"self":[{"href":"https:\/\/lappkees.dk\/index.php?rest_route=\/wp\/v2\/pages\/115","targetHints":{"allow":["GET"]}}],"collection":[{"href":"https:\/\/lappkees.dk\/index.php?rest_route=\/wp\/v2\/pages"}],"about":[{"href":"https:\/\/lappkees.dk\/index.php?rest_route=\/wp\/v2\/types\/page"}],"author":[{"embeddable":true,"href":"https:\/\/lappkees.dk\/index.php?rest_route=\/wp\/v2\/users\/1"}],"replies":[{"embeddable":true,"href":"https:\/\/lappkees.dk\/index.php?rest_route=%2Fwp%2Fv2%2Fcomments&post=115"}],"version-history":[{"count":46,"href":"https:\/\/lappkees.dk\/index.php?rest_route=\/wp\/v2\/pages\/115\/revisions"}],"predecessor-version":[{"id":482,"href":"https:\/\/lappkees.dk\/index.php?rest_route=\/wp\/v2\/pages\/115\/revisions\/482"}],"wp:attachment":[{"href":"https:\/\/lappkees.dk\/index.php?rest_route=%2Fwp%2Fv2%2Fmedia&parent=115"}],"curies":[{"name":"wp","href":"https:\/\/api.w.org\/{rel}","templated":true}]}}