{"id":104,"date":"2023-05-30T15:58:43","date_gmt":"2023-05-30T15:58:43","guid":{"rendered":"https:\/\/lappkees.dk\/wordpress\/?page_id=104"},"modified":"2025-09-11T10:49:14","modified_gmt":"2025-09-11T10:49:14","slug":"udstationeringsfamilier-soeges","status":"publish","type":"page","link":"https:\/\/lappkees.dk\/?page_id=104","title":{"rendered":"UDSTATIONERINGSFAMILIER eller Delejere S\u00d8GES"},"content":{"rendered":"\n<p><\/p>\n\n\n\n<p>Jeg s\u00f8ger en familie der vil v\u00e6re enten delejer eller udstationeringsv\u00e6rt for en han-lapphund. Skriv s\u00e5 kan du\/i f\u00e5r flere oplysninger. Og vi kan starte en dialog \ud83d\ude42 Skal bruge en familie til en han fra Vigga og Sicco kuldet. <\/p>\n\n\n\n<p>Kennel LappKees leder efter egnede familier og enlige, der \u00f8nsker at f\u00e5 en udstationeringshund.<\/p>\n\n\n\n<p>Jeg ejer hunden indtil det der er aftalt p\u00e5 kontrakten er opfyldt. Jeg vil gerne have en mail fra dig\/jer om hvad i kan tilbyde en hvalp\/hund, og hvordan jeres hverdag ser ud. Det vil ogs\u00e5 v\u00e6re rart at f\u00e5 lidt indsigt i jeres familie. Hvor mange er i og er der b\u00f8rn mm. Jeg vil svare jer og i har mulighed for at stille sp\u00f8rgsm\u00e5l, og jeg kan smide links op. S\u00e5 g\u00f8r mig og jer selv den tjeneste at sende info f\u00f8rst.<\/p>\n\n\n\n<p>Hvad betyder det at v\u00e6re v\u00e6rt for en udstationeringshund. Det kr\u00e6ver f\u00f8rst og fremmest en udstationeringsaftale. Den aftale Kennel LappKees benytter er udarbejdet af DKK.<\/p>\n\n\n\n<p>Udover aftalen s\u00e5 forventer jeg:<\/p>\n\n\n\n<ul class=\"wp-block-list\">\n<li>At i\/du kan tilbyde hunden masser af k\u00e6rlighed, og at den er en del af jeres familie<\/li>\n\n\n\n<li>Et t\u00e6t samarbejde med udstationeringsfamilie<\/li>\n\n\n\n<li>At jeg kan hente hunden til udstillinger, eller i eventuelt selv deltager i udstillinger (dette er n\u00f8dvendigt for at f\u00e5 avlsgodkendt sin hund)<\/li>\n\n\n\n<li>At der tr\u00e6nes med hunden<\/li>\n\n\n\n<li>At hunden ikke skal v\u00e6re alene for mange timer om dagen<\/li>\n\n\n\n<li>At i\/du fodre med det foder jeg bruger<\/li>\n\n\n\n<li>At i\/du bor indenfor en 45 minutters k\u00f8rsel til Kennel LappKees (dette er af hensyn til samarbejde)<\/li>\n\n\n\n<li>At jeg bliver spurgt om pasning n\u00e5r i skal noget<\/li>\n\n\n\n<li>At hunden har t\u00e6t kontakt til Kennel LappKees<\/li>\n\n\n\n<li>At man har forst\u00e5else for at jeg som kennel har investeret i en hund der derfor skal holdes i god kondi, pels og v\u00e6gt<\/li>\n<\/ul>\n\n\n\n<p>Hvad f\u00e5r i\/du n\u00e5r det er en hunhund:<\/p>\n\n\n\n<ul class=\"wp-block-list\">\n<li>En l\u00e6kker lille hvalp gratis som bliver jeres n\u00e5r hunden har haft sit f\u00f8rste kuld (inden den er 4 \u00e5r) <\/li>\n<\/ul>\n\n\n\n<p>Og n\u00e5r det er en hanhund:<\/p>\n\n\n\n<ul class=\"wp-block-list\">\n<li>En l\u00e6kker lille hvalp som jeg har avlsretten p\u00e5<\/li>\n\n\n\n<li>Kan ogs\u00e5 v\u00e6re en voksen han der stadigv\u00e6k skal indg\u00e5 i avl.<\/li>\n<\/ul>\n\n\n\n<p>Praktiske ting:<\/p>\n\n\n\n<p>N\u00e5r en hunhund skal have sit f\u00f8rste kuld, s\u00e5 skal den bo hos os her fra en uge f\u00f8r f\u00f8dsel og til hvalpene er 8 uger gamle. N\u00e5r hvalpene er 8 uger, s\u00e5 bliver jeres hund ejerskiftet og derefter har i fuld r\u00e5deret over den. Det betyder at jeg har f\u00e5et avlsgodkendt hunden med alle sundhedsunders\u00f8gelser der kr\u00e6ves. Derfor er det en risiko for mig og kr\u00e6ver stor tillid til at hunden ikke bliver overanstrengt, g\u00e5r p\u00e5 trapper og f\u00e5r den foder som vi har aftalt.<\/p>\n\n\n\n<p>I\/du har ingen udgifter udover daglig foder, almindelige dyrl\u00e6gebes\u00f8g, som vaccinationer mm. Jeg betaler udstillinger og de unders\u00f8gelser der kr\u00e6ves for avl.<\/p>\n\n\n\n<p>Ved hanhunde er det lidt nemmere, da hannen ikke skal bo her for at indg\u00e5 i mit avlsprogram. Hunhunde plejer at komme til hanhunden, og det kan vi ogs\u00e5 finde ud af her. S\u00e5 det er nemmere at v\u00e6re udstationeringsfamilie for en hanhund.<\/p>\n\n\n\n<p>Er du\/i blevet nysgerrige, s\u00e5 skriv til mig hvad du kan tilbyde en hund. Jeg har et stort \u00f8nske om at du beskriver din hverdag s\u00e5 meget som muligt, s\u00e5 jeg kan vurdere om netop en lapphund er egnet til dig.<\/p>\n\n\n\n<p>Ogs\u00e5 gerne hvordan du t\u00e6nker at indrette dig i en hverdag med hund. Her t\u00e6nker jeg b\u00e5de dine \u00f8nsker for hvad hunden skal kunne. Vigtigt at vide om du har et \u00f8nske om at l\u00e6re udstillingens kunst\/verden, eller du forventer at jeg skal tage mig af den del.<\/p>\n","protected":false},"excerpt":{"rendered":"<p>Jeg s\u00f8ger en familie der vil v\u00e6re enten delejer eller udstationeringsv\u00e6rt for en han-lapphund. Skriv s\u00e5 kan du\/i f\u00e5r flere oplysninger. Og vi kan starte en dialog \ud83d\ude42 Skal bruge en familie til en han fra Vigga og Sicco kuldet. Kennel LappKees leder efter egnede familier og enlige, der \u00f8nsker at f\u00e5 en udstationeringshund. Jeg &hellip; <a href=\"https:\/\/lappkees.dk\/?page_id=104\" class=\"more-link\">L\u00e6s videre <span class=\"screen-reader-text\">UDSTATIONERINGSFAMILIER eller Delejere S\u00d8GES<\/span> <span class=\"meta-nav\">&rarr;<\/span><\/a><\/p>\n","protected":false},"author":1,"featured_media":0,"parent":0,"menu_order":0,"comment_status":"closed","ping_status":"closed","template":"","meta":{"footnotes":""},"class_list":["post-104","page","type-page","status-publish","hentry"],"_links":{"self":[{"href":"https:\/\/lappkees.dk\/index.php?rest_route=\/wp\/v2\/pages\/104","targetHints":{"allow":["GET"]}}],"collection":[{"href":"https:\/\/lappkees.dk\/index.php?rest_route=\/wp\/v2\/pages"}],"about":[{"href":"https:\/\/lappkees.dk\/index.php?rest_route=\/wp\/v2\/types\/page"}],"author":[{"embeddable":true,"href":"https:\/\/lappkees.dk\/index.php?rest_route=\/wp\/v2\/users\/1"}],"replies":[{"embeddable":true,"href":"https:\/\/lappkees.dk\/index.php?rest_route=%2Fwp%2Fv2%2Fcomments&post=104"}],"version-history":[{"count":10,"href":"https:\/\/lappkees.dk\/index.php?rest_route=\/wp\/v2\/pages\/104\/revisions"}],"predecessor-version":[{"id":432,"href":"https:\/\/lappkees.dk\/index.php?rest_route=\/wp\/v2\/pages\/104\/revisions\/432"}],"wp:attachment":[{"href":"https:\/\/lappkees.dk\/index.php?rest_route=%2Fwp%2Fv2%2Fmedia&parent=104"}],"curies":[{"name":"wp","href":"https:\/\/api.w.org\/{rel}","templated":true}]}}